{"id":2485,"date":"2022-09-21T13:16:59","date_gmt":"2022-09-21T13:16:59","guid":{"rendered":"https:\/\/cc.iotnetpro.com\/?page_id=2485"},"modified":"2023-11-10T09:37:02","modified_gmt":"2023-11-10T09:37:02","slug":"karting","status":"publish","type":"page","link":"http:\/\/ccpascani.ro\/index.php\/karting\/","title":{"rendered":"Karting"},"content":{"rendered":"<p><em>G\u00e2ndit pentru copiii cu deprinderi \u015fi pasiuni privind mecanica, Cercul de<br \/>\nKarting are un pronun\u0163at caracter tehnic, membrii acestuia av\u00e2nd ocazia sa \u00eenve\u0163e lucruri noi \u015fi importante \u00een ceea ce prive\u015fte: modul de lucru \u00eentr-un atelier, principii ale mecanicii, func\u0163ionarea motoarelor, munca \u00een echip\u0103 \u015fi nu \u00een ultimul r\u00e2nd, conducere auto \u015fi circula\u0163ie rutier\u0103.<\/em><br \/>\n<code><strong>Nr. Grupe: 8<\/strong><\/code><\/p>\n<p>CERCUL (ATELIERUL): KARTING<br \/>\nCOORDONATOR: Prof. Dr. Ing. CIOPRAGA Gabriel<\/p>\n<p>Corepetitia este asigurata de\u00a0<strong>participarea elevilor cu vechime in cadrul cercului, elevi<\/strong>\u00a0<strong>care au obtinut in decursul anilor rezultate foarte bune atat la probele teoretice si practice, cat si la concursurile pe pista.<\/strong><\/p>\n<p>Activitatea se desfasoara in atelierul de mecanica auto si karting si platoul exterior al unitatii.<\/p>\n<p>OBIECTIVE URMARITE<\/p>\n<ol>\n<li><strong>obiective cadru:<\/strong><\/li>\n<\/ol>\n<ul>\n<li>dezvoltarea aptitudinilor;<\/li>\n<li>dezvoltarea deprinderilor practice;<\/li>\n<li>dobandirea cunostintelor generale asupra stiintei si tehnicii;<\/li>\n<li>dezvoltarea capacitatilor sportive;<\/li>\n<li>lucrul in echipa;<\/li>\n<li>dezvoltarea spiritului competitional<\/li>\n<\/ul>\n<ol>\n<li><strong>obiective de referinta:<\/strong><\/li>\n<\/ol>\n<ul>\n<li>cunoasterea componentei si principiilor de functionare ale motoarelor cu ardere interna, in<br \/>\nlimita posibilitatilor date de varsta copiilor;<\/li>\n<li>componenta si principiile de functionare ale organelor kartului si automobilului;<\/li>\n<li>dobandirea cunostintelor necesare diagnosticarii si remedierii unor defecte;<\/li>\n<li>dobandirea deprinderilor necesare conducerii kartului;<\/li>\n<li>parcurgerea intr-un timp cat mai scurt si cat mai corect a traseelor de indemanare si viteza.<br \/>\n<strong>Te a\u015ftept\u0103m cu drag la activit\u0103\u0163ile desf\u0103\u015furate de clubul nostru! Vei g\u0103si mereu o m\u00e2n\u0103 \u00eentins\u0103 care te va purta pe \u0163\u0103r\u00e2murile copil\u0103riei fericite.<\/strong><\/li>\n<\/ul>\n<p><strong>\u00a0\u00a0<em>\u00censcrierea se face prin completarea unei cereri tip la sediul unit\u0103\u021bii Clubului Copiilor Pa\u0219cani, Str. V. Alecsandri, Nr. 12.<\/em><\/strong><\/p>\n<p>&nbsp;<\/p>\n<div class=\"rltdpstsplgn-related-post-block\"><p>No related posts found...<\/p><\/div>\n","protected":false},"excerpt":{"rendered":"<p>G\u00e2ndit pentru copiii cu deprinderi \u015fi pasiuni privind mecanica, Cercul de Karting are un pronun\u0163at caracter tehnic, membrii acestuia av\u00e2nd ocazia sa \u00eenve\u0163e lucruri noi \u015fi importante \u00een ceea ce prive\u015fte: modul de lucru \u00eentr-un atelier, principii ale mecanicii, func\u0163ionarea motoarelor, munca \u00een echip\u0103 \u015fi nu \u00een ultimul r\u00e2nd, conducere auto \u015fi circula\u0163ie rutier\u0103. Nr. [&hellip;]<\/p>\n","protected":false},"author":2,"featured_media":0,"parent":0,"menu_order":0,"comment_status":"closed","ping_status":"closed","template":"","meta":{"footnotes":""},"categories":[86],"tags":[],"class_list":["post-2485","page","type-page","status-publish","hentry","category-karting"],"_links":{"self":[{"href":"http:\/\/ccpascani.ro\/index.php\/wp-json\/wp\/v2\/pages\/2485","targetHints":{"allow":["GET"]}}],"collection":[{"href":"http:\/\/ccpascani.ro\/index.php\/wp-json\/wp\/v2\/pages"}],"about":[{"href":"http:\/\/ccpascani.ro\/index.php\/wp-json\/wp\/v2\/types\/page"}],"author":[{"embeddable":true,"href":"http:\/\/ccpascani.ro\/index.php\/wp-json\/wp\/v2\/users\/2"}],"replies":[{"embeddable":true,"href":"http:\/\/ccpascani.ro\/index.php\/wp-json\/wp\/v2\/comments?post=2485"}],"version-history":[{"count":8,"href":"http:\/\/ccpascani.ro\/index.php\/wp-json\/wp\/v2\/pages\/2485\/revisions"}],"predecessor-version":[{"id":3131,"href":"http:\/\/ccpascani.ro\/index.php\/wp-json\/wp\/v2\/pages\/2485\/revisions\/3131"}],"wp:attachment":[{"href":"http:\/\/ccpascani.ro\/index.php\/wp-json\/wp\/v2\/media?parent=2485"}],"wp:term":[{"taxonomy":"category","embeddable":true,"href":"http:\/\/ccpascani.ro\/index.php\/wp-json\/wp\/v2\/categories?post=2485"},{"taxonomy":"post_tag","embeddable":true,"href":"http:\/\/ccpascani.ro\/index.php\/wp-json\/wp\/v2\/tags?post=2485"}],"curies":[{"name":"wp","href":"https:\/\/api.w.org\/{rel}","templated":true}]}}