{"id":2492,"date":"2022-09-21T13:18:55","date_gmt":"2022-09-21T13:18:55","guid":{"rendered":"https:\/\/cc.iotnetpro.com\/?page_id=2492"},"modified":"2023-11-10T09:38:17","modified_gmt":"2023-11-10T09:38:17","slug":"muzicausoara","status":"publish","type":"page","link":"http:\/\/ccpascani.ro\/index.php\/muzicausoara\/","title":{"rendered":"Muzic\u0103 U\u0219oar\u0103"},"content":{"rendered":"<p>,<em>,Muzica trebuie s\u0103 tr\u0103iasca sub degetele noastre, sub ochii no\u0219tri, \u00een inima \u0219i mintea noastr\u0103, cu tot ceea ce noi putem s\u0103-i aducem ca ofrand\u0103.\u201d<\/em>\u00a0(Dinu Lipatti)<\/p>\n<p>In invatamantul non formal, pregatirea de specialitate a elevilor de la profilul muzica usoara vocala sau instrumentala presupune valorificarea achizitiilor invatarii dobandite prin educatia de baza, ca modalitate de asigurare a egalitatii de sanse si de intregire a formarii intelectuale, estetice si morale a elevilor.<\/p>\n<p>CERCUL (ATELIERUL):MUZICA USOARA<br \/>\nCOORDONATOR: Prof. Lupei Costel<\/p>\n<p>Instrumentele care se pot studia sunt:<strong>\u00a0Saxofon, clarinet, pian si canto.<\/strong><\/p>\n<p><strong>\u00a0\u00a0<em>\u00censcrierea se face prin completarea unei cereri tip la sediul unit\u0103\u021bii Clubului Copiilor Pa\u0219cani, Str. V. Alecsandri, Nr. 12.<\/em><\/strong><\/p>\n<p><em>\u00a0\u00a0\u00a0\u00a0\u00a0\u00a0\u00a0\u00a0\u00a0\u00a0 V\u0103 a\u0219tept\u0103m!<\/em><\/p>\n<p>&nbsp;<\/p>\n<div class=\"rltdpstsplgn-related-post-block\"><p>No related posts found...<\/p><\/div>\n","protected":false},"excerpt":{"rendered":"<p>,,Muzica trebuie s\u0103 tr\u0103iasca sub degetele noastre, sub ochii no\u0219tri, \u00een inima \u0219i mintea noastr\u0103, cu tot ceea ce noi putem s\u0103-i aducem ca ofrand\u0103.\u201d\u00a0(Dinu Lipatti) In invatamantul non formal, pregatirea de specialitate a elevilor de la profilul muzica usoara vocala sau instrumentala presupune valorificarea achizitiilor invatarii dobandite prin educatia de baza, ca modalitate de [&hellip;]<\/p>\n","protected":false},"author":2,"featured_media":0,"parent":0,"menu_order":0,"comment_status":"closed","ping_status":"closed","template":"","meta":{"footnotes":""},"categories":[91],"tags":[],"class_list":["post-2492","page","type-page","status-publish","hentry","category-muzica-usoara"],"_links":{"self":[{"href":"http:\/\/ccpascani.ro\/index.php\/wp-json\/wp\/v2\/pages\/2492","targetHints":{"allow":["GET"]}}],"collection":[{"href":"http:\/\/ccpascani.ro\/index.php\/wp-json\/wp\/v2\/pages"}],"about":[{"href":"http:\/\/ccpascani.ro\/index.php\/wp-json\/wp\/v2\/types\/page"}],"author":[{"embeddable":true,"href":"http:\/\/ccpascani.ro\/index.php\/wp-json\/wp\/v2\/users\/2"}],"replies":[{"embeddable":true,"href":"http:\/\/ccpascani.ro\/index.php\/wp-json\/wp\/v2\/comments?post=2492"}],"version-history":[{"count":8,"href":"http:\/\/ccpascani.ro\/index.php\/wp-json\/wp\/v2\/pages\/2492\/revisions"}],"predecessor-version":[{"id":3132,"href":"http:\/\/ccpascani.ro\/index.php\/wp-json\/wp\/v2\/pages\/2492\/revisions\/3132"}],"wp:attachment":[{"href":"http:\/\/ccpascani.ro\/index.php\/wp-json\/wp\/v2\/media?parent=2492"}],"wp:term":[{"taxonomy":"category","embeddable":true,"href":"http:\/\/ccpascani.ro\/index.php\/wp-json\/wp\/v2\/categories?post=2492"},{"taxonomy":"post_tag","embeddable":true,"href":"http:\/\/ccpascani.ro\/index.php\/wp-json\/wp\/v2\/tags?post=2492"}],"curies":[{"name":"wp","href":"https:\/\/api.w.org\/{rel}","templated":true}]}}