{"id":2520,"date":"2022-09-21T13:27:34","date_gmt":"2022-09-21T13:27:34","guid":{"rendered":"https:\/\/cc.iotnetpro.com\/?page_id=2520"},"modified":"2023-11-10T09:42:37","modified_gmt":"2023-11-10T09:42:37","slug":"tenisdemasa","status":"publish","type":"page","link":"http:\/\/ccpascani.ro\/index.php\/tenisdemasa\/","title":{"rendered":"Tenis de mas\u0103"},"content":{"rendered":"<header>\n<h1><\/h1>\n<\/header>\n<p>Particularit\u0103\u0163ile de\u00a0 v\u00e2rst\u0103\u00a0 ale\u00a0 \u015fcolarilor\u00a0 din \u00eenv\u0103\u0163\u0103m\u00e2ntul\u00a0 primar,\u00a0 \u00eei\u00a0 fac pe\u00a0 ace\u015ftia\u00a0 s\u0103 manifeste\u00a0 un\u00a0 interes\u00a0 deosebit\u00a0 fa\u0163\u0103\u00a0\u00a0 de\u00a0 exerci\u0163iile\u00a0 fizice,\u00a0 fa\u0163\u0103 de\u00a0 mi\u015fcare \u00een general \u015fi \u00een mod special\u00a0 fa\u0163\u0103\u00a0 de orice\u00a0 exerci\u0163iu\u00a0 fizic desf\u0103\u015furat \u00a0sub\u00a0 form\u0103 de joc sau\u00a0 competi\u0163ie.\u00a0 Ac\u0163ion\u00e2nd \u00een principal\u00a0\u00a0 asupra\u00a0 dezvolt\u0103rii\u00a0 calit\u0103\u0163ilor\u00a0 \u015fi\u00a0 capacit\u0103\u0163ilor\u00a0 fizice,\u00a0 exerci\u0163iile\u00a0 fizice\u00a0 au\u00a0 influen\u0163e favorabile \u015fi asupra dezvolt\u0103rii capacit\u0103\u0163ilor intelectuale, afective \u015fi moral volatile.<\/p>\n<p><strong>Tenisul de mas\u0103,<\/strong>\u00a0sport mai pu\u0163in practicat \u00een \u015fcoli at\u00e2t ca sport individual c\u00e2t \u015fi pe echipe, solicit\u0103\u00a0 din\u00a0 partea\u00a0 practican\u0163ilor\u00a0 eforturi\u00a0 accesibile\u00a0 oricui \u015fi etaleaz\u0103 pe l\u00e2ng\u0103 \u00eendem\u00e2nare \u015fi o gam\u0103\u00a0 variat\u0103\u00a0 de\u00a0 valori\u00a0 morale\u00a0 (disciplin\u0103,\u00a0 corectitudine, \u00a0respect fa\u0163\u0103 de \u00eenv\u0103\u0163\u0103tor, coechipier, adversar, arbitru) contribuind la formarea unor tr\u0103s\u0103turi de voin\u0163\u0103 \u015fi caracter solide.<\/p>\n<figure><\/figure>\n<p><strong>CERCUL : TENIS DE MASA<\/strong><\/p>\n<p>COORDONATOR: Lupu Catalin<\/p>\n<p><strong>Obiectivele urmarite :<\/strong><\/p>\n<p>1. promovarea si atragerea unui numarcat mai mare de elevi care doresc sa participe la miscare<\/p>\n<p>2. realizarea scopurilor si obiectivelor propuse<\/p>\n<p>3.cresterea popularitatii a respectivelor sporturi.<\/p>\n<p>4. mentinerea unei stari optime de sanatate a elevilor<\/p>\n<p>5.favorizarea proceselor de crestere si optimizare a dezvoltarii fizice a elevilor<\/p>\n<p>6. formarea deprinderilor de a aplica in conditii concrete de concurs \/competitii a procedeelor tehnice insusite in timpul activitatilor de la cerc.<\/p>\n<p>7. dezvoltarea relatiilor de prietenie si fair play in activtatea sportiva si nu numai<\/p>\n<p>8. colaborarea \/ schimbul de experineta cu alte entitati sportive.<\/p>\n<p><strong><em>\u00censcrierea se face prin completarea unei cereri tip la sediul unit\u0103\u021bii Clubului Copiilor Pa\u0219cani, Str. V. Alecsandri, Nr. 12.<\/em><\/strong><\/p>\n<p><em>\u00a0\u00a0\u00a0\u00a0\u00a0\u00a0\u00a0\u00a0\u00a0\u00a0 V\u0103 a\u0219tept\u0103m!<\/em><\/p>\n<div class=\"rltdpstsplgn-related-post-block\"><p>No related posts found...<\/p><\/div>\n","protected":false},"excerpt":{"rendered":"<p>Particularit\u0103\u0163ile de\u00a0 v\u00e2rst\u0103\u00a0 ale\u00a0 \u015fcolarilor\u00a0 din \u00eenv\u0103\u0163\u0103m\u00e2ntul\u00a0 primar,\u00a0 \u00eei\u00a0 fac pe\u00a0 ace\u015ftia\u00a0 s\u0103 manifeste\u00a0 un\u00a0 interes\u00a0 deosebit\u00a0 fa\u0163\u0103\u00a0\u00a0 de\u00a0 exerci\u0163iile\u00a0 fizice,\u00a0 fa\u0163\u0103 de\u00a0 mi\u015fcare \u00een general \u015fi \u00een mod special\u00a0 fa\u0163\u0103\u00a0 de orice\u00a0 exerci\u0163iu\u00a0 fizic desf\u0103\u015furat \u00a0sub\u00a0 form\u0103 de joc sau\u00a0 competi\u0163ie.\u00a0 Ac\u0163ion\u00e2nd \u00een principal\u00a0\u00a0 asupra\u00a0 dezvolt\u0103rii\u00a0 calit\u0103\u0163ilor\u00a0 \u015fi\u00a0 capacit\u0103\u0163ilor\u00a0 fizice,\u00a0 exerci\u0163iile\u00a0 fizice\u00a0 au\u00a0 influen\u0163e [&hellip;]<\/p>\n","protected":false},"author":2,"featured_media":0,"parent":0,"menu_order":0,"comment_status":"closed","ping_status":"closed","template":"","meta":{"footnotes":""},"categories":[81],"tags":[],"class_list":["post-2520","page","type-page","status-publish","hentry","category-tenis-de-masa"],"_links":{"self":[{"href":"http:\/\/ccpascani.ro\/index.php\/wp-json\/wp\/v2\/pages\/2520","targetHints":{"allow":["GET"]}}],"collection":[{"href":"http:\/\/ccpascani.ro\/index.php\/wp-json\/wp\/v2\/pages"}],"about":[{"href":"http:\/\/ccpascani.ro\/index.php\/wp-json\/wp\/v2\/types\/page"}],"author":[{"embeddable":true,"href":"http:\/\/ccpascani.ro\/index.php\/wp-json\/wp\/v2\/users\/2"}],"replies":[{"embeddable":true,"href":"http:\/\/ccpascani.ro\/index.php\/wp-json\/wp\/v2\/comments?post=2520"}],"version-history":[{"count":8,"href":"http:\/\/ccpascani.ro\/index.php\/wp-json\/wp\/v2\/pages\/2520\/revisions"}],"predecessor-version":[{"id":3141,"href":"http:\/\/ccpascani.ro\/index.php\/wp-json\/wp\/v2\/pages\/2520\/revisions\/3141"}],"wp:attachment":[{"href":"http:\/\/ccpascani.ro\/index.php\/wp-json\/wp\/v2\/media?parent=2520"}],"wp:term":[{"taxonomy":"category","embeddable":true,"href":"http:\/\/ccpascani.ro\/index.php\/wp-json\/wp\/v2\/categories?post=2520"},{"taxonomy":"post_tag","embeddable":true,"href":"http:\/\/ccpascani.ro\/index.php\/wp-json\/wp\/v2\/tags?post=2520"}],"curies":[{"name":"wp","href":"https:\/\/api.w.org\/{rel}","templated":true}]}}