{"id":2581,"date":"2022-09-22T09:58:06","date_gmt":"2022-09-22T09:58:06","guid":{"rendered":"https:\/\/cc.iotnetpro.com\/?page_id=2581"},"modified":"2022-09-22T09:59:46","modified_gmt":"2022-09-22T09:59:46","slug":"concursulnationalmiculmagician","status":"publish","type":"page","link":"http:\/\/ccpascani.ro\/index.php\/concursulnationalmiculmagician\/","title":{"rendered":"Concursul Na\u021bional \u201eMicul Magician\u201d"},"content":{"rendered":"\t\t<div data-elementor-type=\"wp-post\" data-elementor-id=\"2581\" class=\"elementor elementor-2581\">\n\t\t\t\t\t\t<section class=\"elementor-section elementor-top-section elementor-element elementor-element-bf598ee elementor-section-boxed elementor-section-height-default elementor-section-height-default\" data-id=\"bf598ee\" data-element_type=\"section\" data-e-type=\"section\">\n\t\t\t\t\t\t<div class=\"elementor-container elementor-column-gap-default\">\n\t\t\t\t\t<div class=\"elementor-column elementor-col-100 elementor-top-column elementor-element elementor-element-174531f\" data-id=\"174531f\" data-element_type=\"column\" data-e-type=\"column\">\n\t\t\t<div class=\"elementor-widget-wrap elementor-element-populated\">\n\t\t\t\t\t\t<div class=\"elementor-element elementor-element-3c9e423 elementor-widget elementor-widget-text-editor\" data-id=\"3c9e423\" data-element_type=\"widget\" data-e-type=\"widget\" data-widget_type=\"text-editor.default\">\n\t\t\t\t<div class=\"elementor-widget-container\">\n\t\t\t\t\t\t\t\t\t<p style=\"text-align: center;\"><strong>CONCURSUL NA\u021aIONAL DE CHIMIE EXPERIMENTAL\u0102<\/strong><\/p><p style=\"text-align: center;\"><strong>,,MICUL MAGICIAN\u201d<\/strong><\/p><p style=\"text-align: center;\"><strong>EDITIA a XI-a<\/strong><\/p><p style=\"text-align: center;\">\u00a0<\/p><p style=\"text-align: center;\"><strong>Clubul Copiilor Pa\u0219cani v\u0103 invit\u0103 s\u0103 participa\u021bi cu un echipaj, conform condi\u021biilor specificate \u00een regulamentul concursului, la a zecea edi\u021bie a\u00a0Concursului na\u021bional de chimie aplicat\u0103 \u00a0\u201dMicul magician\u201d\u00a0ce se va desf\u0103\u0219ura la sediul unitatii, \u00een perioada 3-4 iunie 2019.<\/strong><\/p><p style=\"text-align: center;\"><strong>Argument<\/strong><\/p><p style=\"text-align: center;\"><strong>Cercurile de chimie experimental\u0103 vizeaz\u0103 \u00een principal consolidarea \u015fi aprofundarea cuno\u015ftin\u0163elor primite de elevi la orele de curs prin activit\u0103\u0163i experimentale. Activitatea cercurilor trebuie corelat\u0103 cu activitatea de la clas\u0103, ele presupun\u00e2nd o activitate didactic\u0103 specific\u0103 ce permite ridicarea pe o treapt\u0103 valoric\u0103 superioar\u0103 a activit\u0103\u0163ii cu elevii. Sub aspect formativ, activit\u0103\u0163ile experimentale modeleaz\u0103 aptitudinile elevilor, le stimuleaz\u0103 creativitatea, le dezvolt\u0103 deprinderi de munc\u0103 independent\u0103 \u015fi \u00een echip\u0103, \u00eei \u00eenvat\u0103 cum s\u0103-\u015fi procure o solid\u0103 \u015fi temeinic\u0103 baz\u0103 de date \u00eenainte de a studia experimental.<\/strong><\/p><p style=\"text-align: center;\"><strong>Regulamentul \u0219i fi\u0219a de \u00eenscriere:\u00a0<a href=\"http:\/\/www.ccpascani.ro\/wp-content\/uploads\/2019\/05\/regulament_si_fisa_inscrirere_micul_magician-2019.doc\">aici<\/a>.<\/strong><\/p>\t\t\t\t\t\t\t\t<\/div>\n\t\t\t\t<\/div>\n\t\t\t\t\t<\/div>\n\t\t<\/div>\n\t\t\t\t\t<\/div>\n\t\t<\/section>\n\t\t\t\t<\/div>\n\t\t","protected":false},"excerpt":{"rendered":"<p>CONCURSUL NA\u021aIONAL DE CHIMIE EXPERIMENTAL\u0102 ,,MICUL MAGICIAN\u201d EDITIA a XI-a Clubul Copiilor Pa\u0219cani v\u0103 invit\u0103 s\u0103 participa\u021bi cu un echipaj, conform condi\u021biilor specificate \u00een regulamentul concursului, la a zecea edi\u021bie a\u00a0Concursului na\u021bional de chimie aplicat\u0103 \u00a0\u201dMicul magician\u201d\u00a0ce se va desf\u0103\u0219ura la sediul unitatii, \u00een perioada 3-4 iunie 2019. Argument Cercurile de chimie experimental\u0103 vizeaz\u0103 \u00een [&hellip;]<\/p>\n","protected":false},"author":2,"featured_media":0,"parent":0,"menu_order":0,"comment_status":"closed","ping_status":"closed","template":"","meta":{"footnotes":""},"categories":[],"tags":[],"class_list":["post-2581","page","type-page","status-publish","hentry"],"_links":{"self":[{"href":"http:\/\/ccpascani.ro\/index.php\/wp-json\/wp\/v2\/pages\/2581","targetHints":{"allow":["GET"]}}],"collection":[{"href":"http:\/\/ccpascani.ro\/index.php\/wp-json\/wp\/v2\/pages"}],"about":[{"href":"http:\/\/ccpascani.ro\/index.php\/wp-json\/wp\/v2\/types\/page"}],"author":[{"embeddable":true,"href":"http:\/\/ccpascani.ro\/index.php\/wp-json\/wp\/v2\/users\/2"}],"replies":[{"embeddable":true,"href":"http:\/\/ccpascani.ro\/index.php\/wp-json\/wp\/v2\/comments?post=2581"}],"version-history":[{"count":5,"href":"http:\/\/ccpascani.ro\/index.php\/wp-json\/wp\/v2\/pages\/2581\/revisions"}],"predecessor-version":[{"id":2586,"href":"http:\/\/ccpascani.ro\/index.php\/wp-json\/wp\/v2\/pages\/2581\/revisions\/2586"}],"wp:attachment":[{"href":"http:\/\/ccpascani.ro\/index.php\/wp-json\/wp\/v2\/media?parent=2581"}],"wp:term":[{"taxonomy":"category","embeddable":true,"href":"http:\/\/ccpascani.ro\/index.php\/wp-json\/wp\/v2\/categories?post=2581"},{"taxonomy":"post_tag","embeddable":true,"href":"http:\/\/ccpascani.ro\/index.php\/wp-json\/wp\/v2\/tags?post=2581"}],"curies":[{"name":"wp","href":"https:\/\/api.w.org\/{rel}","templated":true}]}}