{"id":2594,"date":"2022-09-22T10:05:54","date_gmt":"2022-09-22T10:05:54","guid":{"rendered":"https:\/\/cc.iotnetpro.com\/?page_id=2594"},"modified":"2022-09-22T10:08:28","modified_gmt":"2022-09-22T10:08:28","slug":"concursregionalamiciinaturiiamiciivietii","status":"publish","type":"page","link":"http:\/\/ccpascani.ro\/index.php\/concursregionalamiciinaturiiamiciivietii\/","title":{"rendered":"Concurs Regional \u201eAmicii Naturii, Amicii Vie\u021bii\u201d"},"content":{"rendered":"\t\t<div data-elementor-type=\"wp-post\" data-elementor-id=\"2594\" class=\"elementor elementor-2594\">\n\t\t\t\t\t\t<section class=\"elementor-section elementor-top-section elementor-element elementor-element-97d0acd elementor-section-boxed elementor-section-height-default elementor-section-height-default\" data-id=\"97d0acd\" data-element_type=\"section\" data-e-type=\"section\">\n\t\t\t\t\t\t<div class=\"elementor-container elementor-column-gap-default\">\n\t\t\t\t\t<div class=\"elementor-column elementor-col-100 elementor-top-column elementor-element elementor-element-b9fa968\" data-id=\"b9fa968\" data-element_type=\"column\" data-e-type=\"column\">\n\t\t\t<div class=\"elementor-widget-wrap elementor-element-populated\">\n\t\t\t\t\t\t<div class=\"elementor-element elementor-element-bf39c26 elementor-widget elementor-widget-text-editor\" data-id=\"bf39c26\" data-element_type=\"widget\" data-e-type=\"widget\" data-widget_type=\"text-editor.default\">\n\t\t\t\t<div class=\"elementor-widget-container\">\n\t\t\t\t\t\t\t\t\t<p><strong>CONCURSUL JUDE\u021aEAN DE CHIMIE APLICAT\u0102 \u0218I EDUCA\u021aIE ECOLOGIC\u0102<\/strong><\/p><p><strong>\u00a0,,AMICII NATURII, AMICII VIE\u021aII\u201d<\/strong><\/p><p><strong>EDITIA IV<\/strong><\/p><p><strong>REGULAMENT DE DESFASURARE<\/strong><\/p><p>Organizatorii concursului:<\/p><ol><li>Clubul Copiilor Pascani<\/li><\/ol><p><strong>\u00a0\u00a0\u00a0\u00a0\u00a0\u00a0\u00a0\u00a0\u00a0\u00a0\u00a0\u00a0\u00a0\u00a0\u00a0\u00a0\u00a0\u00a0\u00a0\u00a0\u00a0\u00a0\u00a0\u00a0\u00a0\u00a0\u00a0\u00a0\u00a0\u00a0\u00a0\u00a0\u00a0\u00a0\u00a0\u00a0\u00a0\u00a0\u00a0\u00a0\u00a0\u00a0\u00a0\u00a0\u00a0\u00a0\u00a0\u00a0\u00a0\u00a0\u00a0\u00a0\u00a0\u00a0\u00a0\u00a0\u00a0<\/strong>Adresa: str. Vasile Alecsandri, nr.12<\/p><p>Prof. coordonator: BR\u00ceNZ\u0102 Simona<\/p><p>Tel.: 0745411452<\/p><p>E-mail:\u00a0<a href=\"mailto:brinzasimona23@yahoo.com\">brinzasimona23@yahoo.com<\/a><\/p><ol start=\"2\"><li>Gradiniuta cu program Prelungi nr. 1 Pascani<\/li><\/ol><p>Adresa: str. Sportului, nr. 11, Pa\u015fcani, jud. Ia\u015fi<\/p><p>Tel. 0232762971<\/p><p>Perioada: 1 iunie 2019<\/p><p>Loc de desfasurare: Clubul Copiilor Pascani, jude\u021bul Ia\u0219i<\/p><p>Conditii de participare: Competi\u0163ia se adreseaz\u0103 tuturor elevilor din clasele preg\u0103titoare \u2013 a IV-a \u015fi grupa mare de la \u015fcolile \u015fi gr\u0103dini\u0163ele oras si din tara, echipaj format din 3 elevi \/nivel \u0219i un cadru didactic coordonator.<\/p><p>Inscrierea la concurs se face pe baza fisei de inscriere, anexata la regulament, pana pe data de 30 mai 2019.<\/p><p>Concursul de va desfasura sub forma unei competitii intre echipaje, pe trei sec\u0163iuni:<\/p><ol><li>Moda Eco pentru copiii de la grupa mare p\u00e2n\u0103 \u00een clasa a IV-a;<\/li><li>Juc\u0103rii Eco pentru copiii din clasele I \u2013 III ;<\/li><li>Micul inventator, sec\u0163iune destinat\u0103 elevilor din clasele a III-a \u015fi a IV-a.<\/li><\/ol><p><strong>Pentru participarea indirecta participantii pot trimite obiecte (diorame, costume, jucarii, etc.) realizate din\u00a0 materiale refolosibile si reciclabilepe adresa unitatii: str. Vasile Alecsandri, nr. 12, loc. Pascani, jud Iasi, cod postal 705200, cu mentiunea \u201eConcursul Amicii naturii, amicii vietii\u201d.<\/strong><\/p><p>Clasamentul final va fi stabilit de juriu, \u00een func\u0163ie de rezultatele ob\u0163inute la cele 3 probe.<\/p><p>Juriul va fi format din: reprezentan\u0163i ai I.S.J. Iasi, profesori invatamant prescolar si primar, profesori de educatie plastica.<\/p><p><strong>Not\u0103<\/strong>:\u00a0<strong>NU SE PERCEPE TAXA DE PARTICIPARE!!!!<\/strong><\/p><p>Regulament \u0219i fi\u0219a de \u00eenscriere:\u00a0<a href=\"http:\/\/www.ccpascani.ro\/wp-content\/uploads\/2019\/05\/regulament-amicii-naturii_2019.doc\">aici<\/a>.<\/p>\t\t\t\t\t\t\t\t<\/div>\n\t\t\t\t<\/div>\n\t\t\t\t\t<\/div>\n\t\t<\/div>\n\t\t\t\t\t<\/div>\n\t\t<\/section>\n\t\t\t\t<\/div>\n\t\t","protected":false},"excerpt":{"rendered":"<p>CONCURSUL JUDE\u021aEAN DE CHIMIE APLICAT\u0102 \u0218I EDUCA\u021aIE ECOLOGIC\u0102 \u00a0,,AMICII NATURII, AMICII VIE\u021aII\u201d EDITIA IV REGULAMENT DE DESFASURARE Organizatorii concursului: Clubul Copiilor Pascani \u00a0\u00a0\u00a0\u00a0\u00a0\u00a0\u00a0\u00a0\u00a0\u00a0\u00a0\u00a0\u00a0\u00a0\u00a0\u00a0\u00a0\u00a0\u00a0\u00a0\u00a0\u00a0\u00a0\u00a0\u00a0\u00a0\u00a0\u00a0\u00a0\u00a0\u00a0\u00a0\u00a0\u00a0\u00a0\u00a0\u00a0\u00a0\u00a0\u00a0\u00a0\u00a0\u00a0\u00a0\u00a0\u00a0\u00a0\u00a0\u00a0\u00a0\u00a0\u00a0\u00a0\u00a0\u00a0\u00a0\u00a0Adresa: str. Vasile Alecsandri, nr.12 Prof. coordonator: BR\u00ceNZ\u0102 Simona Tel.: 0745411452 E-mail:\u00a0brinzasimona23@yahoo.com Gradiniuta cu program Prelungi nr. 1 Pascani Adresa: str. Sportului, nr. 11, Pa\u015fcani, jud. Ia\u015fi Tel. 0232762971 Perioada: 1 iunie 2019 [&hellip;]<\/p>\n","protected":false},"author":2,"featured_media":0,"parent":0,"menu_order":0,"comment_status":"closed","ping_status":"closed","template":"","meta":{"footnotes":""},"categories":[],"tags":[],"class_list":["post-2594","page","type-page","status-publish","hentry"],"_links":{"self":[{"href":"http:\/\/ccpascani.ro\/index.php\/wp-json\/wp\/v2\/pages\/2594","targetHints":{"allow":["GET"]}}],"collection":[{"href":"http:\/\/ccpascani.ro\/index.php\/wp-json\/wp\/v2\/pages"}],"about":[{"href":"http:\/\/ccpascani.ro\/index.php\/wp-json\/wp\/v2\/types\/page"}],"author":[{"embeddable":true,"href":"http:\/\/ccpascani.ro\/index.php\/wp-json\/wp\/v2\/users\/2"}],"replies":[{"embeddable":true,"href":"http:\/\/ccpascani.ro\/index.php\/wp-json\/wp\/v2\/comments?post=2594"}],"version-history":[{"count":5,"href":"http:\/\/ccpascani.ro\/index.php\/wp-json\/wp\/v2\/pages\/2594\/revisions"}],"predecessor-version":[{"id":2599,"href":"http:\/\/ccpascani.ro\/index.php\/wp-json\/wp\/v2\/pages\/2594\/revisions\/2599"}],"wp:attachment":[{"href":"http:\/\/ccpascani.ro\/index.php\/wp-json\/wp\/v2\/media?parent=2594"}],"wp:term":[{"taxonomy":"category","embeddable":true,"href":"http:\/\/ccpascani.ro\/index.php\/wp-json\/wp\/v2\/categories?post=2594"},{"taxonomy":"post_tag","embeddable":true,"href":"http:\/\/ccpascani.ro\/index.php\/wp-json\/wp\/v2\/tags?post=2594"}],"curies":[{"name":"wp","href":"https:\/\/api.w.org\/{rel}","templated":true}]}}