{"id":2601,"date":"2022-09-22T10:10:17","date_gmt":"2022-09-22T10:10:17","guid":{"rendered":"https:\/\/cc.iotnetpro.com\/?page_id=2601"},"modified":"2022-09-22T10:11:32","modified_gmt":"2022-09-22T10:11:32","slug":"concursinternationalvalorilecopilariei","status":"publish","type":"page","link":"http:\/\/ccpascani.ro\/index.php\/concursinternationalvalorilecopilariei\/","title":{"rendered":"Concurs Interna\u021bional \u201eValorile Copil\u0103riei\u201d"},"content":{"rendered":"\t\t<div data-elementor-type=\"wp-post\" data-elementor-id=\"2601\" class=\"elementor elementor-2601\">\n\t\t\t\t\t\t<section class=\"elementor-section elementor-top-section elementor-element elementor-element-45cb7ce elementor-section-boxed elementor-section-height-default elementor-section-height-default\" data-id=\"45cb7ce\" data-element_type=\"section\" data-e-type=\"section\">\n\t\t\t\t\t\t<div class=\"elementor-container elementor-column-gap-default\">\n\t\t\t\t\t<div class=\"elementor-column elementor-col-100 elementor-top-column elementor-element elementor-element-b6eb8fd\" data-id=\"b6eb8fd\" data-element_type=\"column\" data-e-type=\"column\">\n\t\t\t<div class=\"elementor-widget-wrap elementor-element-populated\">\n\t\t\t\t\t\t<div class=\"elementor-element elementor-element-78f628b elementor-widget elementor-widget-text-editor\" data-id=\"78f628b\" data-element_type=\"widget\" data-e-type=\"widget\" data-widget_type=\"text-editor.default\">\n\t\t\t\t<div class=\"elementor-widget-container\">\n\t\t\t\t\t\t\t\t\t<p><strong>Concursul Interna\u021bional de crea\u021bii literare, platice, interpretare de rol \u0219i educa\u021bie ecologic\u0103 \u201dValorile copil\u0103riei\u201d, edi\u021bia a XIII-a, iunie 2019<\/strong><\/p><p><strong>Clubul Copiilor Pa\u0219cani v\u0103 invit\u0103 s\u0103 participa\u021bi cu un echipaj, conform condi\u021biilor specificate \u00een regulamentul concursului, la a XIII-a edi\u021bie a\u00a0Concursului Interna\u021bional de crea\u021bii literare, platice, interpretare de rol \u0219i educa\u021bie ecologic\u0103 \u201dValorile copil\u0103riei\u201d\u00a0ce se va desf\u0103\u0219ura la sediul Clubului Copiilor Pa\u0219cani din str. V. Alecsandri nr. 12 (zona Vale) \u00een perioada 5-6 iunie 2019.<\/strong><\/p><p><strong><u>Condi\u021bii de participare<\/u>:<\/strong><\/p><p><strong>\u2013 la concurs se pot \u00eenscrie\u00a0<em>echipaje formate din 3elevi,\u00a0<\/em>coordonate de\u00a0<em>1 cadru didactic<\/em><\/strong><\/p><p><strong><em>\u2013\u00a0<\/em>participarea la concurs se face prin completarea fi\u0219ei de \u00eenscriere<\/strong><\/p><p><strong>\u2013 fiecare echipaj va participa cu c\u00e2te o lucrare la ambele sec\u021biuni ale concursului. Clasamentul final se va realiza \u00een func\u021bie de punctajul ob\u021binut la ambele sec\u021biuni (vezi preciz\u0103rile din fi\u0219a de \u00eenscriere).<\/strong><\/p><p><strong><u>Sec\u021biunile \u0219i tematica acestora sunt:<\/u><\/strong><\/p><ol><li><strong><em>\u201ePreocup\u0103rile copiilor de ieri \u015fi de azi\u201d\u00a0<\/em>\u2013 concurs de lucr\u0103ri literare \u0219i postere. Posterele vor reflecta con\u021binutul crea\u021biei literare. Tehnica de realizare a posterelor este la alegerea echipajului (grafic\u0103, grafic\u0103 computerizat\u0103, acuarel\u0103, etc.).<\/strong><\/li><li><strong><em>\u201eFii ECO !\u201d<\/em>\u00a0\u2013\u00a0expozi\u0163ie \u2013 concurs de lucr\u0103ri ob\u0163inute din materiale reciclabile. Tehnica de realizare este la alegerea echipajului.<\/strong><\/li><\/ol><p><strong>Regulamentul \u0219i fi\u0219a de \u00eenscriere:\u00a0<a href=\"http:\/\/www.ccpascani.ro\/wp-content\/uploads\/2019\/05\/regulament_valorile-copilariei_2019.doc\">aici<\/a>.<\/strong><\/p>\t\t\t\t\t\t\t\t<\/div>\n\t\t\t\t<\/div>\n\t\t\t\t\t<\/div>\n\t\t<\/div>\n\t\t\t\t\t<\/div>\n\t\t<\/section>\n\t\t\t\t<\/div>\n\t\t","protected":false},"excerpt":{"rendered":"<p>Concursul Interna\u021bional de crea\u021bii literare, platice, interpretare de rol \u0219i educa\u021bie ecologic\u0103 \u201dValorile copil\u0103riei\u201d, edi\u021bia a XIII-a, iunie 2019 Clubul Copiilor Pa\u0219cani v\u0103 invit\u0103 s\u0103 participa\u021bi cu un echipaj, conform condi\u021biilor specificate \u00een regulamentul concursului, la a XIII-a edi\u021bie a\u00a0Concursului Interna\u021bional de crea\u021bii literare, platice, interpretare de rol \u0219i educa\u021bie ecologic\u0103 \u201dValorile copil\u0103riei\u201d\u00a0ce se va [&hellip;]<\/p>\n","protected":false},"author":2,"featured_media":0,"parent":0,"menu_order":0,"comment_status":"closed","ping_status":"closed","template":"","meta":{"footnotes":""},"categories":[],"tags":[],"class_list":["post-2601","page","type-page","status-publish","hentry"],"_links":{"self":[{"href":"http:\/\/ccpascani.ro\/index.php\/wp-json\/wp\/v2\/pages\/2601","targetHints":{"allow":["GET"]}}],"collection":[{"href":"http:\/\/ccpascani.ro\/index.php\/wp-json\/wp\/v2\/pages"}],"about":[{"href":"http:\/\/ccpascani.ro\/index.php\/wp-json\/wp\/v2\/types\/page"}],"author":[{"embeddable":true,"href":"http:\/\/ccpascani.ro\/index.php\/wp-json\/wp\/v2\/users\/2"}],"replies":[{"embeddable":true,"href":"http:\/\/ccpascani.ro\/index.php\/wp-json\/wp\/v2\/comments?post=2601"}],"version-history":[{"count":5,"href":"http:\/\/ccpascani.ro\/index.php\/wp-json\/wp\/v2\/pages\/2601\/revisions"}],"predecessor-version":[{"id":2606,"href":"http:\/\/ccpascani.ro\/index.php\/wp-json\/wp\/v2\/pages\/2601\/revisions\/2606"}],"wp:attachment":[{"href":"http:\/\/ccpascani.ro\/index.php\/wp-json\/wp\/v2\/media?parent=2601"}],"wp:term":[{"taxonomy":"category","embeddable":true,"href":"http:\/\/ccpascani.ro\/index.php\/wp-json\/wp\/v2\/categories?post=2601"},{"taxonomy":"post_tag","embeddable":true,"href":"http:\/\/ccpascani.ro\/index.php\/wp-json\/wp\/v2\/tags?post=2601"}],"curies":[{"name":"wp","href":"https:\/\/api.w.org\/{rel}","templated":true}]}}