{"id":2608,"date":"2022-09-22T10:12:38","date_gmt":"2022-09-22T10:12:38","guid":{"rendered":"https:\/\/cc.iotnetpro.com\/?page_id=2608"},"modified":"2022-09-22T10:13:46","modified_gmt":"2022-09-22T10:13:46","slug":"concursulregionalarmoniidansante","status":"publish","type":"page","link":"http:\/\/ccpascani.ro\/index.php\/concursulregionalarmoniidansante\/","title":{"rendered":"Concursul Regional \u201eArmonii Dansante\u201d"},"content":{"rendered":"\t\t<div data-elementor-type=\"wp-post\" data-elementor-id=\"2608\" class=\"elementor elementor-2608\">\n\t\t\t\t\t\t<section class=\"elementor-section elementor-top-section elementor-element elementor-element-0aabb5a elementor-section-boxed elementor-section-height-default elementor-section-height-default\" data-id=\"0aabb5a\" data-element_type=\"section\" data-e-type=\"section\">\n\t\t\t\t\t\t<div class=\"elementor-container elementor-column-gap-default\">\n\t\t\t\t\t<div class=\"elementor-column elementor-col-100 elementor-top-column elementor-element elementor-element-a58c020\" data-id=\"a58c020\" data-element_type=\"column\" data-e-type=\"column\">\n\t\t\t<div class=\"elementor-widget-wrap elementor-element-populated\">\n\t\t\t\t\t\t<div class=\"elementor-element elementor-element-aeb60a9 elementor-widget elementor-widget-text-editor\" data-id=\"aeb60a9\" data-element_type=\"widget\" data-e-type=\"widget\" data-widget_type=\"text-editor.default\">\n\t\t\t\t<div class=\"elementor-widget-container\">\n\t\t\t\t\t\t\t\t\t<p><strong>CONCURSUL REGIONAL CU PARTICIPARE\u00a0<\/strong><strong>NA\u021aIONAL\u0102 DE COREGRAFIE<\/strong><\/p><p><strong>\u201cARMONII DANSANTE\u201d<\/strong><\/p><p><strong>EDITIA a VIII-a<\/strong><\/p><p><strong>PA\u0218CANI<\/strong><\/p><p><strong>Sambata, 18 mai 2019<\/strong><\/p><p>\u00a0<\/p><p>Concursul Regional cu participare na\u021bional\u0103 de Coregrafie \u201cArmonii dansante\u201d se va desf\u0103\u0219ura \u00een data de samb\u0103t\u0103, 18 mai 2019, la Pa\u0219cani \u0219i este organizat de Clubul Copiilor Pa\u0219cani.<\/p><p>La concursul de coregrafie pot participa numai pe baz\u0103 de invita\u021bie, forma\u021bii coregrafice de la palatele, cluburile copiilor \u0219i scoli cu c\u00e2te unul sau mai multe dansuri la una sau mai multe din urm\u0103toarele categorii de v\u00e2rst\u0103:<\/p><p>Clasele 0-IV<\/p><p>Clasele V-VIII<\/p><p>Clasele IX-XII,<\/p><p>Fiecare forma\u021bie trebuie s\u0103 prezinte \u00een concurs maxim un dans, pe fiecare categorie sau gen coregrafic, timpul maxim alocat fiind de 2-3 minute.<\/p><p>\u00a0<\/p><p>Regulament+fi\u0219a de \u00eenscriere:\u00a0<a href=\"http:\/\/www.ccpascani.ro\/wp-content\/uploads\/2019\/05\/armonii2019.pdf\">aici<\/a>.<\/p>\t\t\t\t\t\t\t\t<\/div>\n\t\t\t\t<\/div>\n\t\t\t\t\t<\/div>\n\t\t<\/div>\n\t\t\t\t\t<\/div>\n\t\t<\/section>\n\t\t\t\t<\/div>\n\t\t","protected":false},"excerpt":{"rendered":"<p>CONCURSUL REGIONAL CU PARTICIPARE\u00a0NA\u021aIONAL\u0102 DE COREGRAFIE \u201cARMONII DANSANTE\u201d EDITIA a VIII-a PA\u0218CANI Sambata, 18 mai 2019 Concursul Regional cu participare na\u021bional\u0103 de Coregrafie \u201cArmonii dansante\u201d se va desf\u0103\u0219ura \u00een data de samb\u0103t\u0103, 18 mai 2019, la Pa\u0219cani \u0219i este organizat de Clubul Copiilor Pa\u0219cani. La concursul de coregrafie pot participa numai pe baz\u0103 de invita\u021bie, [&hellip;]<\/p>\n","protected":false},"author":2,"featured_media":0,"parent":0,"menu_order":0,"comment_status":"closed","ping_status":"closed","template":"","meta":{"footnotes":""},"categories":[],"tags":[],"class_list":["post-2608","page","type-page","status-publish","hentry"],"_links":{"self":[{"href":"http:\/\/ccpascani.ro\/index.php\/wp-json\/wp\/v2\/pages\/2608","targetHints":{"allow":["GET"]}}],"collection":[{"href":"http:\/\/ccpascani.ro\/index.php\/wp-json\/wp\/v2\/pages"}],"about":[{"href":"http:\/\/ccpascani.ro\/index.php\/wp-json\/wp\/v2\/types\/page"}],"author":[{"embeddable":true,"href":"http:\/\/ccpascani.ro\/index.php\/wp-json\/wp\/v2\/users\/2"}],"replies":[{"embeddable":true,"href":"http:\/\/ccpascani.ro\/index.php\/wp-json\/wp\/v2\/comments?post=2608"}],"version-history":[{"count":5,"href":"http:\/\/ccpascani.ro\/index.php\/wp-json\/wp\/v2\/pages\/2608\/revisions"}],"predecessor-version":[{"id":2613,"href":"http:\/\/ccpascani.ro\/index.php\/wp-json\/wp\/v2\/pages\/2608\/revisions\/2613"}],"wp:attachment":[{"href":"http:\/\/ccpascani.ro\/index.php\/wp-json\/wp\/v2\/media?parent=2608"}],"wp:term":[{"taxonomy":"category","embeddable":true,"href":"http:\/\/ccpascani.ro\/index.php\/wp-json\/wp\/v2\/categories?post=2608"},{"taxonomy":"post_tag","embeddable":true,"href":"http:\/\/ccpascani.ro\/index.php\/wp-json\/wp\/v2\/tags?post=2608"}],"curies":[{"name":"wp","href":"https:\/\/api.w.org\/{rel}","templated":true}]}}