{"id":2615,"date":"2022-09-22T10:14:21","date_gmt":"2022-09-22T10:14:21","guid":{"rendered":"https:\/\/cc.iotnetpro.com\/?page_id=2615"},"modified":"2022-09-22T10:15:51","modified_gmt":"2022-09-22T10:15:51","slug":"concursuljudeteandeinformaticaaplicata","status":"publish","type":"page","link":"http:\/\/ccpascani.ro\/index.php\/concursuljudeteandeinformaticaaplicata\/","title":{"rendered":"Concursul Jude\u021bean de Informatic\u0103 Aplicat\u0103 \u201eCopil\u0103ria \u00eentre poveste \u0219i calculator\u201d"},"content":{"rendered":"\t\t<div data-elementor-type=\"wp-post\" data-elementor-id=\"2615\" class=\"elementor elementor-2615\">\n\t\t\t\t\t\t<section class=\"elementor-section elementor-top-section elementor-element elementor-element-35e39ae elementor-section-boxed elementor-section-height-default elementor-section-height-default\" data-id=\"35e39ae\" data-element_type=\"section\" data-e-type=\"section\">\n\t\t\t\t\t\t<div class=\"elementor-container elementor-column-gap-default\">\n\t\t\t\t\t<div class=\"elementor-column elementor-col-100 elementor-top-column elementor-element elementor-element-8b840b6\" data-id=\"8b840b6\" data-element_type=\"column\" data-e-type=\"column\">\n\t\t\t<div class=\"elementor-widget-wrap elementor-element-populated\">\n\t\t\t\t\t\t<div class=\"elementor-element elementor-element-38ba230 elementor-widget elementor-widget-text-editor\" data-id=\"38ba230\" data-element_type=\"widget\" data-e-type=\"widget\" data-widget_type=\"text-editor.default\">\n\t\t\t\t<div class=\"elementor-widget-container\">\n\t\t\t\t\t\t\t\t\t<p><strong>CONCURSUL JUDE\u0162EAN DE INFORMATIC\u0102 APLICAT\u0102<\/strong><\/p><p><strong>\u201c<u>COPIL\u0102RIA \u00ceNTRE POVESTE \u015eI CALCULATOR<\/u>\u201d<\/strong><\/p><p><strong>Concursul se desfasoara in cadrul a 4 sec\u0163iuni:<\/strong><\/p><ol><li><strong>Grafic\u0103 pe calculator<\/strong><\/li><\/ol><p>\u00a0<\/p><ol start=\"2\"><li><strong>Programare \u00een Scratch\/C++<\/strong><\/li><\/ol><p>\u00a0<\/p><ol start=\"3\"><li><strong>Spot publicitar<\/strong><\/li><\/ol><p>\u00a0<\/p><ol start=\"4\"><li><strong>Web design<\/strong><\/li><\/ol><p><strong>Regulamentul \u0219i fi\u0219a de \u00eenscriere:\u00a0<a href=\"http:\/\/www.ccpascani.ro\/wp-content\/uploads\/2019\/05\/Regulamentul-concursului.doc\">aici<\/a>.<\/strong><\/p>\t\t\t\t\t\t\t\t<\/div>\n\t\t\t\t<\/div>\n\t\t\t\t\t<\/div>\n\t\t<\/div>\n\t\t\t\t\t<\/div>\n\t\t<\/section>\n\t\t\t\t<\/div>\n\t\t","protected":false},"excerpt":{"rendered":"<p>CONCURSUL JUDE\u0162EAN DE INFORMATIC\u0102 APLICAT\u0102 \u201cCOPIL\u0102RIA \u00ceNTRE POVESTE \u015eI CALCULATOR\u201d Concursul se desfasoara in cadrul a 4 sec\u0163iuni: Grafic\u0103 pe calculator Programare \u00een Scratch\/C++ Spot publicitar Web design Regulamentul \u0219i fi\u0219a de \u00eenscriere:\u00a0aici.<\/p>\n","protected":false},"author":2,"featured_media":0,"parent":0,"menu_order":0,"comment_status":"closed","ping_status":"closed","template":"","meta":{"footnotes":""},"categories":[],"tags":[],"class_list":["post-2615","page","type-page","status-publish","hentry"],"_links":{"self":[{"href":"http:\/\/ccpascani.ro\/index.php\/wp-json\/wp\/v2\/pages\/2615","targetHints":{"allow":["GET"]}}],"collection":[{"href":"http:\/\/ccpascani.ro\/index.php\/wp-json\/wp\/v2\/pages"}],"about":[{"href":"http:\/\/ccpascani.ro\/index.php\/wp-json\/wp\/v2\/types\/page"}],"author":[{"embeddable":true,"href":"http:\/\/ccpascani.ro\/index.php\/wp-json\/wp\/v2\/users\/2"}],"replies":[{"embeddable":true,"href":"http:\/\/ccpascani.ro\/index.php\/wp-json\/wp\/v2\/comments?post=2615"}],"version-history":[{"count":5,"href":"http:\/\/ccpascani.ro\/index.php\/wp-json\/wp\/v2\/pages\/2615\/revisions"}],"predecessor-version":[{"id":2620,"href":"http:\/\/ccpascani.ro\/index.php\/wp-json\/wp\/v2\/pages\/2615\/revisions\/2620"}],"wp:attachment":[{"href":"http:\/\/ccpascani.ro\/index.php\/wp-json\/wp\/v2\/media?parent=2615"}],"wp:term":[{"taxonomy":"category","embeddable":true,"href":"http:\/\/ccpascani.ro\/index.php\/wp-json\/wp\/v2\/categories?post=2615"},{"taxonomy":"post_tag","embeddable":true,"href":"http:\/\/ccpascani.ro\/index.php\/wp-json\/wp\/v2\/tags?post=2615"}],"curies":[{"name":"wp","href":"https:\/\/api.w.org\/{rel}","templated":true}]}}