{"id":2411,"date":"2022-09-21T11:21:25","date_gmt":"2022-09-21T11:21:25","guid":{"rendered":"https:\/\/cc.iotnetpro.com\/?page_id=2411"},"modified":"2022-09-21T11:25:16","modified_gmt":"2022-09-21T11:25:16","slug":"istoric","status":"publish","type":"page","link":"https:\/\/ccpascani.ro\/index.php\/istoric\/","title":{"rendered":"Scurt Istoric"},"content":{"rendered":"\t\t<div data-elementor-type=\"wp-post\" data-elementor-id=\"2411\" class=\"elementor elementor-2411\">\n\t\t\t\t\t\t<section class=\"elementor-section elementor-top-section elementor-element elementor-element-4603b6b elementor-section-boxed elementor-section-height-default elementor-section-height-default\" data-id=\"4603b6b\" data-element_type=\"section\" data-e-type=\"section\">\n\t\t\t\t\t\t<div class=\"elementor-container elementor-column-gap-default\">\n\t\t\t\t\t<div class=\"elementor-column elementor-col-100 elementor-top-column elementor-element elementor-element-9edf212\" data-id=\"9edf212\" data-element_type=\"column\" data-e-type=\"column\">\n\t\t\t<div class=\"elementor-widget-wrap elementor-element-populated\">\n\t\t\t\t\t\t<div class=\"elementor-element elementor-element-ffb134e elementor-widget elementor-widget-text-editor\" data-id=\"ffb134e\" data-element_type=\"widget\" data-e-type=\"widget\" data-widget_type=\"text-editor.default\">\n\t\t\t\t<div class=\"elementor-widget-container\">\n\t\t\t\t\t\t\t\t\t<header class=\"entry-header\"><h1 class=\"entry-title page-title\">Scurt istoric<\/h1><\/header><div class=\"entry-content mh-clearfix\"><p>Via\u021ba cultural\u0103 a localit\u0103\u021bii Pa\u0219cani a fost marcat\u0103, la debut, de \u00eenfiin\u021barea Clubului \u201cUnirea\u201d (1873) ce oferea o sal\u0103 pentru concerte, teatru \u015fi film. \u00cen 1949 ia fiin\u021b\u0103 Casa de Cultur\u0103 \u00een sediul c\u0103reia, \u00een anul 1950, \u00eencepe s\u0103 func\u021bioneze \u015fi Biblioteca or\u0103\u0219eneasc\u0103. \u00cen contextul istoric specific fiec\u0103rei etape de dezvoltare, \u00een localitatea Pa\u0219cani se \u00eenfiin\u021beaz\u0103, pe r\u00e2nd, unit\u0103\u021bi destinate educa\u021biei. La sf\u00e2r\u0219itul primului r\u0103zboi mondial, \u00een 1918, este \u00eenfiin\u021bat un gimnaziu mixt \u00een Pa\u0219cani iar \u00een 1932 ia fiin\u021b\u0103 Gimnaziului Teoretic de B\u0103ie\u021bi CFR.<\/p><p><strong>Pe harta unit\u0103\u021bilor destinate form\u0103rii \u0219i educ\u0103rii tinerelor genera\u021bii, apare \u00een 1959 \u0219i Clubul Copiilor.<\/strong><\/p><p>P\u00e2n\u0103 \u00een octombrie 2010, activitatea Clubului Copiilor s-a desf\u0103\u0219urat \u00een fosta cas\u0103 Iordache Cantacuzino, situat\u0103 pe Aleea Parcului Nr. 7. Cl\u0103direa veche a fost construit\u0103 \u00een anul 1640 de c\u0103tre Marele Sp\u0103tar Iordache Cantacuzino. Cl\u0103direa a avut de suferit de pe urma diferitelor calamit\u0103\u021bi \u0219i distrugeri. \u00cen anul 1904 a fost reconstruit\u0103 \u00een forma sa actual\u0103. Din vechea cl\u0103dire a r\u0103mas numai balconul, care poate fi \u0219i ast\u0103zi admirat.<\/p><p>\u00cencep\u00e2nd cu anul \u0219colar 2010-2011, activit\u0103\u021bile cercurilor din cadrul Clubului Copiilor Pa\u0219cani se desf\u0103\u0219oar\u0103 \u00eentr-un sediu nou, modern, situat \u00een str. Vasile Alecsandri, nr. 12.<\/p><p>Pe parcursul celor 58 de ani de existen\u021b\u0103, num\u0103rul cercurilor ce au func\u021bionat \u00een Clubul Copiilor Pa\u0219cani (\u0219i implicit num\u0103rul copiilor participan\u021bi la activit\u0103\u021bile cercurilor) a cunoscut o evolu\u021bie pozitiv\u0103, a\u0219a cum este redat \u00een tabelul de mai jos:<\/p><\/div><table width=\"742\"><tbody><tr><td width=\"92\">An \u0219colar<\/td><td width=\"117\">Nr. cercuri<\/td><td width=\"129\">Nr. norme<\/td><td width=\"141\">Nr. cadre didactice<\/td><\/tr><tr><td width=\"92\">1959<\/td><td width=\"117\">4<\/td><td width=\"129\">3<\/td><td width=\"141\">3<\/td><\/tr><tr><td width=\"92\">1989<\/td><td width=\"117\">16<\/td><td width=\"129\">16<\/td><td width=\"141\">16<\/td><\/tr><tr><td width=\"92\">2002<\/td><td width=\"117\">17<\/td><td width=\"129\">17<\/td><td width=\"141\">17<\/td><\/tr><tr><td width=\"92\">2016<\/td><td width=\"117\">15<\/td><td width=\"129\">15<\/td><td width=\"141\">15<\/td><\/tr><\/tbody><\/table>\t\t\t\t\t\t\t\t<\/div>\n\t\t\t\t<\/div>\n\t\t\t\t\t<\/div>\n\t\t<\/div>\n\t\t\t\t\t<\/div>\n\t\t<\/section>\n\t\t\t\t<\/div>\n\t\t","protected":false},"excerpt":{"rendered":"<p>Scurt istoric Via\u021ba cultural\u0103 a localit\u0103\u021bii Pa\u0219cani a fost marcat\u0103, la debut, de \u00eenfiin\u021barea Clubului \u201cUnirea\u201d (1873) ce oferea o sal\u0103 pentru concerte, teatru \u015fi film. \u00cen 1949 ia fiin\u021b\u0103 Casa de Cultur\u0103 \u00een sediul c\u0103reia, \u00een anul 1950, \u00eencepe s\u0103 func\u021bioneze \u015fi Biblioteca or\u0103\u0219eneasc\u0103. \u00cen contextul istoric specific fiec\u0103rei etape de dezvoltare, \u00een localitatea [&hellip;]<\/p>\n","protected":false},"author":2,"featured_media":0,"parent":0,"menu_order":0,"comment_status":"closed","ping_status":"closed","template":"","meta":{"footnotes":""},"categories":[],"tags":[],"class_list":["post-2411","page","type-page","status-publish","hentry"],"_links":{"self":[{"href":"https:\/\/ccpascani.ro\/index.php\/wp-json\/wp\/v2\/pages\/2411","targetHints":{"allow":["GET"]}}],"collection":[{"href":"https:\/\/ccpascani.ro\/index.php\/wp-json\/wp\/v2\/pages"}],"about":[{"href":"https:\/\/ccpascani.ro\/index.php\/wp-json\/wp\/v2\/types\/page"}],"author":[{"embeddable":true,"href":"https:\/\/ccpascani.ro\/index.php\/wp-json\/wp\/v2\/users\/2"}],"replies":[{"embeddable":true,"href":"https:\/\/ccpascani.ro\/index.php\/wp-json\/wp\/v2\/comments?post=2411"}],"version-history":[{"count":5,"href":"https:\/\/ccpascani.ro\/index.php\/wp-json\/wp\/v2\/pages\/2411\/revisions"}],"predecessor-version":[{"id":2416,"href":"https:\/\/ccpascani.ro\/index.php\/wp-json\/wp\/v2\/pages\/2411\/revisions\/2416"}],"wp:attachment":[{"href":"https:\/\/ccpascani.ro\/index.php\/wp-json\/wp\/v2\/media?parent=2411"}],"wp:term":[{"taxonomy":"category","embeddable":true,"href":"https:\/\/ccpascani.ro\/index.php\/wp-json\/wp\/v2\/categories?post=2411"},{"taxonomy":"post_tag","embeddable":true,"href":"https:\/\/ccpascani.ro\/index.php\/wp-json\/wp\/v2\/tags?post=2411"}],"curies":[{"name":"wp","href":"https:\/\/api.w.org\/{rel}","templated":true}]}}