{"id":2418,"date":"2022-09-21T11:28:14","date_gmt":"2022-09-21T11:28:14","guid":{"rendered":"https:\/\/cc.iotnetpro.com\/?page_id=2418"},"modified":"2022-09-21T11:29:46","modified_gmt":"2022-09-21T11:29:46","slug":"misiunea","status":"publish","type":"page","link":"https:\/\/ccpascani.ro\/index.php\/misiunea\/","title":{"rendered":"Misiunea"},"content":{"rendered":"\t\t<div data-elementor-type=\"wp-post\" data-elementor-id=\"2418\" class=\"elementor elementor-2418\">\n\t\t\t\t\t\t<section class=\"elementor-section elementor-top-section elementor-element elementor-element-679b498 elementor-section-boxed elementor-section-height-default elementor-section-height-default\" data-id=\"679b498\" data-element_type=\"section\" data-e-type=\"section\">\n\t\t\t\t\t\t<div class=\"elementor-container elementor-column-gap-default\">\n\t\t\t\t\t<div class=\"elementor-column elementor-col-100 elementor-top-column elementor-element elementor-element-aa44ea6\" data-id=\"aa44ea6\" data-element_type=\"column\" data-e-type=\"column\">\n\t\t\t<div class=\"elementor-widget-wrap elementor-element-populated\">\n\t\t\t\t\t\t<div class=\"elementor-element elementor-element-5dee13b elementor-widget elementor-widget-text-editor\" data-id=\"5dee13b\" data-element_type=\"widget\" data-e-type=\"widget\" data-widget_type=\"text-editor.default\">\n\t\t\t\t<div class=\"elementor-widget-container\">\n\t\t\t\t\t\t\t\t\t<p>Politica noastr\u0103 educa\u021bional\u0103 are \u00een vedere atingerea urm\u0103toarelor standarde:<\/p><ul><li>S\u0103 ofere cadrul propice dezvolt\u0103rii \u015fi form\u0103rii copiilor ca iubitori \u015fi continuatori ai valorilor na\u0163ionale.<\/li><li>S\u0103 permit\u0103 exprimarea liber\u0103 din punct de vedere artistic.<\/li><li>S\u0103\u00a0 dezvolte priceperi, deprinderi \u015fi abilit\u0103\u0163i practice \u00een vederea transpunerii teoriei \u00een practic\u0103.<\/li><li>S\u0103 le ofere copiilor \u015fansa afirm\u0103rii individuale sau \u00een echip\u0103, prin practicarea activit\u0103\u0163ilor de performan\u0163\u0103.<\/li><li>S\u0103 le creeze posibilitatea real\u0103 de alternativ\u0103 \u00een alegerea unei meserii, dar \u015fi pentru realizarea de venituri materiale prin dezvoltarea unor hobby-uri.<\/li><li>S\u0103-i ajute s\u0103 se formeze ca cet\u0103\u0163eni insufl\u00e2ndu-le un comportament moral-civic corespunz\u0103tor unei societ\u0103\u0163i democratice.<\/li><li>S\u0103 le imprime dorin\u0163a de cunoa\u015ftere \u015fi investigare.<\/li><li>S\u0103-i fac\u0103 pe copii s\u0103 aprecieze valorile culturale, frumosul \u015fi valorile democratice.<\/li><li>S\u0103 le dezvolte sim\u0163ul estetic \u015fi artistic.<\/li><li>S\u0103 le ofere \u015fanse egale c\u0103tre succes tuturor copiilor indiferent de v\u00e2rst\u0103, sex, etnie sau apartenen\u0163\u0103 religioas\u0103.<\/li><li>S\u0103 ofere un cadru bazat pe asigurarea securit\u0103\u0163ii \u015fi pe respectarea drepturilor copilului \u015fi omului.<\/li><\/ul>\t\t\t\t\t\t\t\t<\/div>\n\t\t\t\t<\/div>\n\t\t\t\t\t<\/div>\n\t\t<\/div>\n\t\t\t\t\t<\/div>\n\t\t<\/section>\n\t\t\t\t<\/div>\n\t\t","protected":false},"excerpt":{"rendered":"<p>Politica noastr\u0103 educa\u021bional\u0103 are \u00een vedere atingerea urm\u0103toarelor standarde: S\u0103 ofere cadrul propice dezvolt\u0103rii \u015fi form\u0103rii copiilor ca iubitori \u015fi continuatori ai valorilor na\u0163ionale. S\u0103 permit\u0103 exprimarea liber\u0103 din punct de vedere artistic. S\u0103\u00a0 dezvolte priceperi, deprinderi \u015fi abilit\u0103\u0163i practice \u00een vederea transpunerii teoriei \u00een practic\u0103. S\u0103 le ofere copiilor \u015fansa afirm\u0103rii individuale sau \u00een [&hellip;]<\/p>\n","protected":false},"author":2,"featured_media":0,"parent":0,"menu_order":0,"comment_status":"closed","ping_status":"closed","template":"","meta":{"footnotes":""},"categories":[],"tags":[],"class_list":["post-2418","page","type-page","status-publish","hentry"],"_links":{"self":[{"href":"https:\/\/ccpascani.ro\/index.php\/wp-json\/wp\/v2\/pages\/2418","targetHints":{"allow":["GET"]}}],"collection":[{"href":"https:\/\/ccpascani.ro\/index.php\/wp-json\/wp\/v2\/pages"}],"about":[{"href":"https:\/\/ccpascani.ro\/index.php\/wp-json\/wp\/v2\/types\/page"}],"author":[{"embeddable":true,"href":"https:\/\/ccpascani.ro\/index.php\/wp-json\/wp\/v2\/users\/2"}],"replies":[{"embeddable":true,"href":"https:\/\/ccpascani.ro\/index.php\/wp-json\/wp\/v2\/comments?post=2418"}],"version-history":[{"count":5,"href":"https:\/\/ccpascani.ro\/index.php\/wp-json\/wp\/v2\/pages\/2418\/revisions"}],"predecessor-version":[{"id":2423,"href":"https:\/\/ccpascani.ro\/index.php\/wp-json\/wp\/v2\/pages\/2418\/revisions\/2423"}],"wp:attachment":[{"href":"https:\/\/ccpascani.ro\/index.php\/wp-json\/wp\/v2\/media?parent=2418"}],"wp:term":[{"taxonomy":"category","embeddable":true,"href":"https:\/\/ccpascani.ro\/index.php\/wp-json\/wp\/v2\/categories?post=2418"},{"taxonomy":"post_tag","embeddable":true,"href":"https:\/\/ccpascani.ro\/index.php\/wp-json\/wp\/v2\/tags?post=2418"}],"curies":[{"name":"wp","href":"https:\/\/api.w.org\/{rel}","templated":true}]}}