{"id":2426,"date":"2022-09-21T11:32:09","date_gmt":"2022-09-21T11:32:09","guid":{"rendered":"https:\/\/cc.iotnetpro.com\/?page_id=2426"},"modified":"2022-09-21T11:34:44","modified_gmt":"2022-09-21T11:34:44","slug":"tintestrategice","status":"publish","type":"page","link":"https:\/\/ccpascani.ro\/index.php\/tintestrategice\/","title":{"rendered":"\u021ainte strategice"},"content":{"rendered":"\t\t<div data-elementor-type=\"wp-post\" data-elementor-id=\"2426\" class=\"elementor elementor-2426\">\n\t\t\t\t\t\t<section class=\"elementor-section elementor-top-section elementor-element elementor-element-b4706b0 elementor-section-boxed elementor-section-height-default elementor-section-height-default\" data-id=\"b4706b0\" data-element_type=\"section\" data-e-type=\"section\">\n\t\t\t\t\t\t<div class=\"elementor-container elementor-column-gap-default\">\n\t\t\t\t\t<div class=\"elementor-column elementor-col-100 elementor-top-column elementor-element elementor-element-da1def8\" data-id=\"da1def8\" data-element_type=\"column\" data-e-type=\"column\">\n\t\t\t<div class=\"elementor-widget-wrap elementor-element-populated\">\n\t\t\t\t\t\t<div class=\"elementor-element elementor-element-722911a elementor-widget elementor-widget-text-editor\" data-id=\"722911a\" data-element_type=\"widget\" data-e-type=\"widget\" data-widget_type=\"text-editor.default\">\n\t\t\t\t<div class=\"elementor-widget-container\">\n\t\t\t\t\t\t\t\t\t<header class=\"entry-header\"><h1 class=\"entry-title page-title\">\u021ainte strategice<\/h1><\/header><div class=\"entry-content mh-clearfix\"><p>\u021aINTELE STRATEGICE<\/p><ul><li>\u00cembun\u0103t\u0103\u0163irea calit\u0103\u0163ii educa\u0163iei \u00een func\u0163ie de cerin\u0163ele comunit\u0103\u0163ii \u015fi standardelor de referin\u0163\u0103 specifice pentru unit\u0103\u0163ile furnizoare de servicii \u00een domeniul extra\u015fcolar (ARACIP)<\/li><li>Reconsiderarea managementului la nivelul unit\u0103\u0163ii din perspectiva ob\u0163inerii de resurse suplimentare pentru autofinan\u0163are \u015fi in directia men\u0163inerii\/ dezvolt\u0103rii specificului educatiei non-formale.<\/li><li>Crearea unui climat de siguran\u0163\u0103 fizic\u0103, libertatea spiritual\u0103 si dezvoltare personal\u0103 pentru cei ce frecventeaz\u0103 cercurile de activit\u0103\u0163i \u015fi cadre didactice.<\/li><li>Integrarea unit\u0103\u021bii \u00een circuitul european prin accesarea de proiecte comunitare\/proiecte pentru dezvoltarea institu\u021bional\u0103 cu finan\u021bare european\u0103, dar \u0219i prin promovarea valorilor na\u021bionale.<\/li><\/ul><\/div>\t\t\t\t\t\t\t\t<\/div>\n\t\t\t\t<\/div>\n\t\t\t\t\t<\/div>\n\t\t<\/div>\n\t\t\t\t\t<\/div>\n\t\t<\/section>\n\t\t\t\t<\/div>\n\t\t","protected":false},"excerpt":{"rendered":"<p>\u021ainte strategice \u021aINTELE STRATEGICE \u00cembun\u0103t\u0103\u0163irea calit\u0103\u0163ii educa\u0163iei \u00een func\u0163ie de cerin\u0163ele comunit\u0103\u0163ii \u015fi standardelor de referin\u0163\u0103 specifice pentru unit\u0103\u0163ile furnizoare de servicii \u00een domeniul extra\u015fcolar (ARACIP) Reconsiderarea managementului la nivelul unit\u0103\u0163ii din perspectiva ob\u0163inerii de resurse suplimentare pentru autofinan\u0163are \u015fi in directia men\u0163inerii\/ dezvolt\u0103rii specificului educatiei non-formale. Crearea unui climat de siguran\u0163\u0103 fizic\u0103, libertatea spiritual\u0103 [&hellip;]<\/p>\n","protected":false},"author":2,"featured_media":0,"parent":0,"menu_order":0,"comment_status":"closed","ping_status":"closed","template":"","meta":{"footnotes":""},"categories":[],"tags":[],"class_list":["post-2426","page","type-page","status-publish","hentry"],"_links":{"self":[{"href":"https:\/\/ccpascani.ro\/index.php\/wp-json\/wp\/v2\/pages\/2426","targetHints":{"allow":["GET"]}}],"collection":[{"href":"https:\/\/ccpascani.ro\/index.php\/wp-json\/wp\/v2\/pages"}],"about":[{"href":"https:\/\/ccpascani.ro\/index.php\/wp-json\/wp\/v2\/types\/page"}],"author":[{"embeddable":true,"href":"https:\/\/ccpascani.ro\/index.php\/wp-json\/wp\/v2\/users\/2"}],"replies":[{"embeddable":true,"href":"https:\/\/ccpascani.ro\/index.php\/wp-json\/wp\/v2\/comments?post=2426"}],"version-history":[{"count":8,"href":"https:\/\/ccpascani.ro\/index.php\/wp-json\/wp\/v2\/pages\/2426\/revisions"}],"predecessor-version":[{"id":2434,"href":"https:\/\/ccpascani.ro\/index.php\/wp-json\/wp\/v2\/pages\/2426\/revisions\/2434"}],"wp:attachment":[{"href":"https:\/\/ccpascani.ro\/index.php\/wp-json\/wp\/v2\/media?parent=2426"}],"wp:term":[{"taxonomy":"category","embeddable":true,"href":"https:\/\/ccpascani.ro\/index.php\/wp-json\/wp\/v2\/categories?post=2426"},{"taxonomy":"post_tag","embeddable":true,"href":"https:\/\/ccpascani.ro\/index.php\/wp-json\/wp\/v2\/tags?post=2426"}],"curies":[{"name":"wp","href":"https:\/\/api.w.org\/{rel}","templated":true}]}}