{"id":2437,"date":"2022-09-21T11:37:17","date_gmt":"2022-09-21T11:37:17","guid":{"rendered":"https:\/\/cc.iotnetpro.com\/?page_id=2437"},"modified":"2022-09-21T11:39:10","modified_gmt":"2022-09-21T11:39:10","slug":"viziunea","status":"publish","type":"page","link":"https:\/\/ccpascani.ro\/index.php\/viziunea\/","title":{"rendered":"Viziunea"},"content":{"rendered":"\t\t<div data-elementor-type=\"wp-post\" data-elementor-id=\"2437\" class=\"elementor elementor-2437\">\n\t\t\t\t\t\t<section class=\"elementor-section elementor-top-section elementor-element elementor-element-ab2d96b elementor-section-boxed elementor-section-height-default elementor-section-height-default\" data-id=\"ab2d96b\" data-element_type=\"section\" data-e-type=\"section\">\n\t\t\t\t\t\t<div class=\"elementor-container elementor-column-gap-default\">\n\t\t\t\t\t<div class=\"elementor-column elementor-col-100 elementor-top-column elementor-element elementor-element-f6253b2\" data-id=\"f6253b2\" data-element_type=\"column\" data-e-type=\"column\">\n\t\t\t<div class=\"elementor-widget-wrap elementor-element-populated\">\n\t\t\t\t\t\t<div class=\"elementor-element elementor-element-87675b0 elementor-widget elementor-widget-text-editor\" data-id=\"87675b0\" data-element_type=\"widget\" data-e-type=\"widget\" data-widget_type=\"text-editor.default\">\n\t\t\t\t<div class=\"elementor-widget-container\">\n\t\t\t\t\t\t\t\t\t<p style=\"text-align: center;\">Viziunea Clubului Copiilor Pa\u0219cani este oferirea cadrului material \u015fi afectiv propice punerii \u00een valoare a creativit\u0103\u021bii, exprim\u0103rii artistice libere \u0219i ob\u021binerea de performan\u021be pe diferite domenii de activitate (\u0219tiin\u021b\u0103, sport, tehnic\u0103, art\u0103).<\/p>\t\t\t\t\t\t\t\t<\/div>\n\t\t\t\t<\/div>\n\t\t\t\t\t<\/div>\n\t\t<\/div>\n\t\t\t\t\t<\/div>\n\t\t<\/section>\n\t\t\t\t<\/div>\n\t\t","protected":false},"excerpt":{"rendered":"<p>Viziunea Clubului Copiilor Pa\u0219cani este oferirea cadrului material \u015fi afectiv propice punerii \u00een valoare a creativit\u0103\u021bii, exprim\u0103rii artistice libere \u0219i ob\u021binerea de performan\u021be pe diferite domenii de activitate (\u0219tiin\u021b\u0103, sport, tehnic\u0103, art\u0103).<\/p>\n","protected":false},"author":2,"featured_media":0,"parent":0,"menu_order":0,"comment_status":"closed","ping_status":"closed","template":"","meta":{"footnotes":""},"categories":[],"tags":[],"class_list":["post-2437","page","type-page","status-publish","hentry"],"_links":{"self":[{"href":"https:\/\/ccpascani.ro\/index.php\/wp-json\/wp\/v2\/pages\/2437","targetHints":{"allow":["GET"]}}],"collection":[{"href":"https:\/\/ccpascani.ro\/index.php\/wp-json\/wp\/v2\/pages"}],"about":[{"href":"https:\/\/ccpascani.ro\/index.php\/wp-json\/wp\/v2\/types\/page"}],"author":[{"embeddable":true,"href":"https:\/\/ccpascani.ro\/index.php\/wp-json\/wp\/v2\/users\/2"}],"replies":[{"embeddable":true,"href":"https:\/\/ccpascani.ro\/index.php\/wp-json\/wp\/v2\/comments?post=2437"}],"version-history":[{"count":5,"href":"https:\/\/ccpascani.ro\/index.php\/wp-json\/wp\/v2\/pages\/2437\/revisions"}],"predecessor-version":[{"id":2442,"href":"https:\/\/ccpascani.ro\/index.php\/wp-json\/wp\/v2\/pages\/2437\/revisions\/2442"}],"wp:attachment":[{"href":"https:\/\/ccpascani.ro\/index.php\/wp-json\/wp\/v2\/media?parent=2437"}],"wp:term":[{"taxonomy":"category","embeddable":true,"href":"https:\/\/ccpascani.ro\/index.php\/wp-json\/wp\/v2\/categories?post=2437"},{"taxonomy":"post_tag","embeddable":true,"href":"https:\/\/ccpascani.ro\/index.php\/wp-json\/wp\/v2\/tags?post=2437"}],"curies":[{"name":"wp","href":"https:\/\/api.w.org\/{rel}","templated":true}]}}