{"id":2506,"date":"2022-09-21T13:22:55","date_gmt":"2022-09-21T13:22:55","guid":{"rendered":"https:\/\/cc.iotnetpro.com\/?page_id=2506"},"modified":"2023-11-10T19:02:21","modified_gmt":"2023-11-10T19:02:21","slug":"sah","status":"publish","type":"page","link":"https:\/\/ccpascani.ro\/index.php\/sah\/","title":{"rendered":"\u0218ah"},"content":{"rendered":"<p style=\"text-align: center;\"><img fetchpriority=\"high\" decoding=\"async\" src=\"http:\/\/ccpascani.ro\/wp-content\/uploads\/2022\/10\/WhatsApp-Image-2022-09-27-at-2.52.48-PM-1-300x225.jpeg\" alt=\"\" width=\"300\" height=\"225\" \/><img decoding=\"async\" class=\"alignnone wp-image-3146\" src=\"http:\/\/ccpascani.ro\/wp-content\/uploads\/2023\/11\/CERCUL-DE-SAH-IMAGINE-300x234.jpg\" alt=\"\" width=\"287\" height=\"224\" srcset=\"https:\/\/ccpascani.ro\/wp-content\/uploads\/2023\/11\/CERCUL-DE-SAH-IMAGINE-300x234.jpg 300w, https:\/\/ccpascani.ro\/wp-content\/uploads\/2023\/11\/CERCUL-DE-SAH-IMAGINE-768x599.jpg 768w, https:\/\/ccpascani.ro\/wp-content\/uploads\/2023\/11\/CERCUL-DE-SAH-IMAGINE.jpg 911w\" sizes=\"(max-width: 287px) 100vw, 287px\" \/><img decoding=\"async\" src=\"http:\/\/ccpascani.ro\/wp-content\/uploads\/2022\/10\/WhatsApp-Image-2022-09-27-at-2.52.48-PM-300x225.jpeg\" alt=\"\" width=\"300\" height=\"225\" \/><\/p>\n<p style=\"text-align: center;\"><span style=\"vertical-align: inherit;\"><span style=\"vertical-align: inherit;\"><span style=\"vertical-align: inherit;\"><span style=\"vertical-align: inherit;\">Vechi \u0219i modern totodat\u0103, \u0219ahul \u2013 jocul regilor \u2013 poate reprezenta un instrument important de disciplinare \u0219i modelare a g\u00e2ndirii elevilor. <\/span><\/span><\/span><span style=\"vertical-align: inherit;\"><span style=\"vertical-align: inherit;\"><span style=\"vertical-align: inherit;\">Popularitatea de care se bucur\u0103 \u00een r\u00e2ndul adep\u021bilor din toate mediile sociale \u0219i profesionale, deschiderea v\u00e2rstei destul de fragede, \u00eei confer\u0103 \u0219ahului rolul de instrument de \u00eenv\u0103\u021bare \u0219i de important factor educativ \u00een dezvoltarea personal\u0103 a celor care \u00eel practic\u0103 <\/span><\/span><\/span><\/span><br \/>\n<span style=\"vertical-align: inherit;\"><span style=\"vertical-align: inherit;\"><span style=\"vertical-align: inherit;\"><span style=\"vertical-align: inherit;\">. <\/span><\/span><\/span><span style=\"vertical-align: inherit;\"><span style=\"vertical-align: inherit;\"><span style=\"vertical-align: inherit;\">Programa acestui curs are rolul de a facilita trecerea la abordarea \u0219ahului ca joc, la abordarea acestuia ca \u0219tiin\u021b\u0103, cu ajutorul unei metodologii proprii, bazat\u0103 pe observare, culegere de informa\u021bii, exerci\u021biu, problematizare, predic\u021bie, planificare <\/span><\/span><\/span><\/span><br \/>\n<span style=\"vertical-align: inherit;\"><span style=\"vertical-align: inherit;\"><span style=\"vertical-align: inherit;\"><span style=\"vertical-align: inherit;\">. <\/span><\/span><\/span><span style=\"vertical-align: inherit;\"><span style=\"vertical-align: inherit;\"><span style=\"vertical-align: inherit;\">Parcurg\u00e2nd etapele \u00eenv\u0103\u021b\u0103rii \u0219ahului, copiii acumuleaz\u0103 \u0219i pun \u00een valoare competen\u021be utile vie\u021bii \u0219i integr\u0103rii \u00een via\u021ba de \u0219colar.<\/span><\/span><\/span><\/span><\/p>\n<p><span style=\"vertical-align: inherit;\"><span style=\"vertical-align: inherit;\"><span style=\"vertical-align: inherit;\"><span style=\"vertical-align: inherit;\">CERCUL (ATELIERUL):SAH <\/span><\/span><\/span><\/span><br \/>\n<span style=\"vertical-align: inherit;\"><span style=\"vertical-align: inherit;\"><span style=\"vertical-align: inherit;\"><span style=\"vertical-align: inherit;\">COORDONATOR: Prof. IFRIM Radu<\/span><\/span><\/span><\/span><\/p>\n<p>&nbsp;<\/p>\n<p><strong><span style=\"vertical-align: inherit;\"><span style=\"vertical-align: inherit;\"><span style=\"vertical-align: inherit;\"><span style=\"vertical-align: inherit;\">Competen\u021be generale<\/span><\/span><\/span><\/span><\/strong><\/p>\n<ol>\n<li><span style=\"vertical-align: inherit;\"><span style=\"vertical-align: inherit;\"><span style=\"vertical-align: inherit;\"><span style=\"vertical-align: inherit;\">Descrierea tablei de \u0219ah \u0219i a pieselor<\/span><\/span><\/span><\/span><\/li>\n<li><span style=\"vertical-align: inherit;\"><span style=\"vertical-align: inherit;\"><span style=\"vertical-align: inherit;\"><span style=\"vertical-align: inherit;\">Utilizarea regulilor de mutare \u0219i capturare a pieselor de \u0219ah<\/span><\/span><\/span><\/span><\/li>\n<li><span style=\"vertical-align: inherit;\"><span style=\"vertical-align: inherit;\"><span style=\"vertical-align: inherit;\"><span style=\"vertical-align: inherit;\">Aplicarea de procedee tactice pentru c\u00e2\u0219tigarea de material sau pentru c\u00e2\u0219tigarea unei partide prin mat<\/span><\/span><\/span><\/span><\/li>\n<li><span style=\"vertical-align: inherit;\"><span style=\"vertical-align: inherit;\"><span style=\"vertical-align: inherit;\"><span style=\"vertical-align: inherit;\">Rezolvarea problemelor prin propunerea de solu\u021bii adecvate unor pozi\u021bii date<\/span><\/span><\/span><\/span><\/li>\n<\/ol>\n<p><span style=\"vertical-align: inherit;\"><span style=\"vertical-align: inherit;\"><span style=\"vertical-align: inherit;\"><span style=\"vertical-align: inherit;\">Activitatea se desf\u0103\u0219oar\u0103 \u00een sala de \u0219ah a clubului, dotat\u0103 cu mobilier adecvat \u0219i garnituri de \u0219ah, conform orarului afi\u0219at la sediu \u0219i pe situl institu\u021biei.<\/span><\/span><\/span><\/span><\/p>\n<p><span style=\"vertical-align: inherit;\"><span style=\"vertical-align: inherit;\"><span style=\"vertical-align: inherit;\"><span style=\"vertical-align: inherit;\"><div class=\"rltdpstsplgn-related-post-block\"><p>No related posts found...<\/p><\/div><\/span><\/span><\/span><\/span><\/p>\n<p>&nbsp;<\/p>\n","protected":false},"excerpt":{"rendered":"<p>Vechi \u0219i modern totodat\u0103, \u0219ahul \u2013 jocul regilor \u2013 poate reprezenta un instrument important de disciplinare \u0219i modelare a g\u00e2ndirii elevilor. Popularitatea de care se bucur\u0103 \u00een r\u00e2ndul adep\u021bilor din toate mediile sociale \u0219i profesionale, deschiderea v\u00e2rstei destul de fragede, \u00eei confer\u0103 \u0219ahului rolul de instrument de \u00eenv\u0103\u021bare \u0219i de important factor educativ \u00een dezvoltarea [&hellip;]<\/p>\n","protected":false},"author":2,"featured_media":0,"parent":0,"menu_order":0,"comment_status":"closed","ping_status":"closed","template":"","meta":{"footnotes":""},"categories":[72],"tags":[],"class_list":["post-2506","page","type-page","status-publish","hentry","category-sah"],"_links":{"self":[{"href":"https:\/\/ccpascani.ro\/index.php\/wp-json\/wp\/v2\/pages\/2506","targetHints":{"allow":["GET"]}}],"collection":[{"href":"https:\/\/ccpascani.ro\/index.php\/wp-json\/wp\/v2\/pages"}],"about":[{"href":"https:\/\/ccpascani.ro\/index.php\/wp-json\/wp\/v2\/types\/page"}],"author":[{"embeddable":true,"href":"https:\/\/ccpascani.ro\/index.php\/wp-json\/wp\/v2\/users\/2"}],"replies":[{"embeddable":true,"href":"https:\/\/ccpascani.ro\/index.php\/wp-json\/wp\/v2\/comments?post=2506"}],"version-history":[{"count":21,"href":"https:\/\/ccpascani.ro\/index.php\/wp-json\/wp\/v2\/pages\/2506\/revisions"}],"predecessor-version":[{"id":3162,"href":"https:\/\/ccpascani.ro\/index.php\/wp-json\/wp\/v2\/pages\/2506\/revisions\/3162"}],"wp:attachment":[{"href":"https:\/\/ccpascani.ro\/index.php\/wp-json\/wp\/v2\/media?parent=2506"}],"wp:term":[{"taxonomy":"category","embeddable":true,"href":"https:\/\/ccpascani.ro\/index.php\/wp-json\/wp\/v2\/categories?post=2506"},{"taxonomy":"post_tag","embeddable":true,"href":"https:\/\/ccpascani.ro\/index.php\/wp-json\/wp\/v2\/tags?post=2506"}],"curies":[{"name":"wp","href":"https:\/\/api.w.org\/{rel}","templated":true}]}}