{"id":2513,"date":"2022-09-21T13:24:52","date_gmt":"2022-09-21T13:24:52","guid":{"rendered":"https:\/\/cc.iotnetpro.com\/?page_id=2513"},"modified":"2023-11-10T09:42:07","modified_gmt":"2023-11-10T09:42:07","slug":"teatru","status":"publish","type":"page","link":"https:\/\/ccpascani.ro\/index.php\/teatru\/","title":{"rendered":"Teatru"},"content":{"rendered":"<p><em>,,Pentru un singur elev pe care l-ai salvat are rost \u00eentreaga ta trud\u0103: Arat\u0103-\u0163i dragostea \u015fi respectul ajut\u00e2ndu-l s\u0103-\u015fi descopere calit\u0103\u0163ile.\u201d<\/em>(<strong>Jack Canfield \u015fi Mark Victor Hansen<\/strong>)<\/p>\n<p>Arta, \u00een general, \u015fi \u00een teatru, \u00een special, contribuie la educarea g\u00e2ndirii reproductive \u015fi creative, inteligen\u0163ei, imagina\u0163iei, inventivit\u0103\u0163ii \u015fi spontaneit\u0103\u0163ii.<\/p>\n<p>Prin acest cerc creez cadrul favorabil exprim\u0103rii libere a tuturor copiilor, le stimulez spiritul de echip\u0103, \u00eei adaptez la cerin\u0163ele scenei, a publicului, cu o aptitudine degajat\u0103 din partea lor, lipsit\u0103 de emo\u0163ii, educ\u00e2ndu-i ca spectatori \u015fi ca \u201c actori \u201d.<\/p>\n<p>Activitatea artistic\u0103 a copiilor are un rol important \u00een \u00eembog\u0103\u0163irea culturii lor, \u00een educa\u0163ia lor afectiv \u2013 estetic\u0103 \u015fi, nu \u00een ultimul r\u00e2nd, un rol distractiv \u2013 recreativ.<\/p>\n<p><strong>Copiii sunt talenta\u0163i,<\/strong>\u00a0to\u0163i pot s\u0103 se exprime artistic \u00eentr-un gen sau altul spre delectarea lor \u015fi a celor din jur. Procesul de transpunere scenic\u0103 a unui rol ofer\u0103 multiple posibilit\u0103\u0163i de cultivare a personalit\u0103\u0163ii copilului.<\/p>\n<p>\u201c Regizorul \u201d doar creeaz\u0103 atmosfera momentului respectiv \u015fi ajut\u0103 copilul-actor s\u0103 se contopeasc\u0103 suflete\u015fte cu personajul.<\/p>\n<p>Copilul \u00ee\u015fi pune \u00een valoare prezen\u0163a scenic\u0103, dublat\u0103 de aplomb, dic\u0163ia, mimica, siguran\u0163a de sine, pl\u0103cerea de a spune textele \u00een fa\u0163a publicului. Un copil \u00eenzestrat cu vizibile calit\u0103\u0163i artistice place, cucere\u015fte, emo\u0163ioneaz\u0103.<\/p>\n<p>Nr. Grupe: 9<\/p>\n<p>CERCUL (ATELIERUL): TEATRU<br \/>\nCOORDONATOR: Prof. ROMILA Madalina<br \/>\nOBIECTIVE URMARITE<\/p>\n<ol>\n<li><strong>Obiective cadru:<\/strong><\/li>\n<\/ol>\n<ul type=\"1\">\n<li>Receptarea de mesaje orale \u00een diverse contexte de comunicare<\/li>\n<li>Exprimarea de mesaje orale \u00een diverse situa\u0163ii de comunicare<\/li>\n<li>Dezvoltarea capacit\u0103\u0163ii interpretative \u015fi imaginative<\/li>\n<li>Dezvoltarea spiritului de echip\u0103 \u015fi al colabor\u0103rii<\/li>\n<\/ul>\n<p>2.\u00a0<strong>Obiective de referinta<\/strong><\/p>\n<ul type=\"1\">\n<li>exprimarea prin mijloace verbale \/ nonverbale a \u00a0unui mesaj oral<\/li>\n<li>\u00een\u0163elegerea semnifica\u0163iei global\u0103 a mesajului audiat<\/li>\n<li>manifestarea interesului pentru mesajul ascultat<\/li>\n<li>\u00a0 desprinderea unor informa\u0163ii \u015fi mesaje din texte citate sau audiate<\/li>\n<li>pronun\u0163area clar\u0103 \u015fi corect\u0103 a unor cuvinte \u015fi enun\u0163uri<\/li>\n<li>adaptarea vorbirii la diferite situa\u0163ii de comunicare dialogat\u0103<\/li>\n<li>manifestarea ini\u0163iativei \u00een comunicarea oral\u0103, \u00a0\u00een func\u0163ie de situa\u0163ia creat\u0103<\/li>\n<li>emiterea a unor mesaje scurte \u00een situa\u0163ii de interac\u0163iune<\/li>\n<li>integrarea cuvintelor \u015fi expresiilor noi \u00een enun\u0163uri proprii<\/li>\n<li>exteriorizarea tr\u0103irilor interioare ale personajelor prin gestic\u0103, mimic\u0103, timbrul vocii, volum, mi\u015fcare scenic\u0103<\/li>\n<li>manifestarea spontan\u0103, dezinvolt\u0103, \u00a0\u00een interpretarea personajelor<\/li>\n<li>manifestarea interesului, cooper\u0103rii, voin\u0163ei \u00een cadrul activit\u0103\u0163ii desf\u0103\u015furate<\/li>\n<li>\u00a0 adoptarea unui comportament adecvat \u00een grup<\/li>\n<li>\u00a0 exprimarea impresiilor declan\u015fate de interpretarea unei scenete, folosind terminologia adecvat\u0103<\/li>\n<li>\u00a0 asumarea diferitelor roluri \u00een realizarea unui spectacol<\/li>\n<\/ul>\n<p><strong><em>\u00censcrierea se face prin completarea unei cereri tip la sediul unit\u0103\u021bii Clubului Copiilor Pa\u0219cani, Str. V. Alecsandri, Nr. 12.<\/em><\/strong><\/p>\n<p><em>\u00a0\u00a0\u00a0\u00a0\u00a0\u00a0\u00a0\u00a0\u00a0\u00a0 V\u0103 a\u0219tept\u0103m!<\/em><\/p>\n<p>&nbsp;<\/p>\n<div class=\"rltdpstsplgn-related-post-block\"><p>No related posts found...<\/p><\/div>\n","protected":false},"excerpt":{"rendered":"<p>,,Pentru un singur elev pe care l-ai salvat are rost \u00eentreaga ta trud\u0103: Arat\u0103-\u0163i dragostea \u015fi respectul ajut\u00e2ndu-l s\u0103-\u015fi descopere calit\u0103\u0163ile.\u201d(Jack Canfield \u015fi Mark Victor Hansen) Arta, \u00een general, \u015fi \u00een teatru, \u00een special, contribuie la educarea g\u00e2ndirii reproductive \u015fi creative, inteligen\u0163ei, imagina\u0163iei, inventivit\u0103\u0163ii \u015fi spontaneit\u0103\u0163ii. Prin acest cerc creez cadrul favorabil exprim\u0103rii libere a [&hellip;]<\/p>\n","protected":false},"author":2,"featured_media":0,"parent":0,"menu_order":0,"comment_status":"closed","ping_status":"closed","template":"","meta":{"footnotes":""},"categories":[83],"tags":[],"class_list":["post-2513","page","type-page","status-publish","hentry","category-teatru"],"_links":{"self":[{"href":"https:\/\/ccpascani.ro\/index.php\/wp-json\/wp\/v2\/pages\/2513","targetHints":{"allow":["GET"]}}],"collection":[{"href":"https:\/\/ccpascani.ro\/index.php\/wp-json\/wp\/v2\/pages"}],"about":[{"href":"https:\/\/ccpascani.ro\/index.php\/wp-json\/wp\/v2\/types\/page"}],"author":[{"embeddable":true,"href":"https:\/\/ccpascani.ro\/index.php\/wp-json\/wp\/v2\/users\/2"}],"replies":[{"embeddable":true,"href":"https:\/\/ccpascani.ro\/index.php\/wp-json\/wp\/v2\/comments?post=2513"}],"version-history":[{"count":7,"href":"https:\/\/ccpascani.ro\/index.php\/wp-json\/wp\/v2\/pages\/2513\/revisions"}],"predecessor-version":[{"id":3140,"href":"https:\/\/ccpascani.ro\/index.php\/wp-json\/wp\/v2\/pages\/2513\/revisions\/3140"}],"wp:attachment":[{"href":"https:\/\/ccpascani.ro\/index.php\/wp-json\/wp\/v2\/media?parent=2513"}],"wp:term":[{"taxonomy":"category","embeddable":true,"href":"https:\/\/ccpascani.ro\/index.php\/wp-json\/wp\/v2\/categories?post=2513"},{"taxonomy":"post_tag","embeddable":true,"href":"https:\/\/ccpascani.ro\/index.php\/wp-json\/wp\/v2\/tags?post=2513"}],"curies":[{"name":"wp","href":"https:\/\/api.w.org\/{rel}","templated":true}]}}