{"id":2564,"date":"2022-09-22T09:40:19","date_gmt":"2022-09-22T09:40:19","guid":{"rendered":"https:\/\/cc.iotnetpro.com\/?page_id=2564"},"modified":"2022-09-22T09:51:38","modified_gmt":"2022-09-22T09:51:38","slug":"activitati","status":"publish","type":"page","link":"https:\/\/ccpascani.ro\/index.php\/activitati\/","title":{"rendered":"Activit\u0103\u021bi"},"content":{"rendered":"\t\t<div data-elementor-type=\"wp-post\" data-elementor-id=\"2564\" class=\"elementor elementor-2564\">\n\t\t\t\t\t\t<section class=\"elementor-section elementor-top-section elementor-element elementor-element-cbbc0f4 elementor-section-boxed elementor-section-height-default elementor-section-height-default\" data-id=\"cbbc0f4\" data-element_type=\"section\" data-e-type=\"section\">\n\t\t\t\t\t\t<div class=\"elementor-container elementor-column-gap-default\">\n\t\t\t\t\t<div class=\"elementor-column elementor-col-100 elementor-top-column elementor-element elementor-element-60a5bf2\" data-id=\"60a5bf2\" data-element_type=\"column\" data-e-type=\"column\">\n\t\t\t<div class=\"elementor-widget-wrap elementor-element-populated\">\n\t\t\t\t\t\t<div class=\"elementor-element elementor-element-3e8f24e elementor-widget elementor-widget-text-editor\" data-id=\"3e8f24e\" data-element_type=\"widget\" data-e-type=\"widget\" data-widget_type=\"text-editor.default\">\n\t\t\t\t<div class=\"elementor-widget-container\">\n\t\t\t\t\t\t\t\t\t<p>Pagina proiectului:\u00a0<a href=\"http:\/\/icclerasmus.com\/\">www.icclerasmus.com<\/a><\/p><p>Activit\u0103\u021bile desf\u0103\u0219urate \u00een cadrul proiectului:<\/p><p><strong>Octombrie 2017<\/strong>:\u00a0<strong>Crearea unui logo<\/strong>: fiecare \u0219coal\u0103 a propus un logo al proiectului, apoi s-a decis prin vot logo-ul c\u00e2\u0219tig\u0103tor.<\/p><p><strong>\u00a0\u00a0\u00a0\u00a0\u00a0\u00a0\u00a0\u00a0\u00a0\u00a0 Project Logo Competition<\/strong><\/p><p>Propunerea Rom\u00e2niei a fost<\/p><p><a href=\"http:\/\/www.ccpascani.ro\/wp-content\/uploads\/2019\/03\/1.jpg\"><img fetchpriority=\"high\" decoding=\"async\" class=\"aligncenter size-medium wp-image-460\" src=\"http:\/\/www.ccpascani.ro\/wp-content\/uploads\/2019\/03\/1-300x238.jpg\" sizes=\"(max-width: 300px) 100vw, 300px\" srcset=\"https:\/\/www.ccpascani.ro\/wp-content\/uploads\/2019\/03\/1-300x238.jpg 300w, https:\/\/www.ccpascani.ro\/wp-content\/uploads\/2019\/03\/1.jpg 746w\" alt=\"\" width=\"300\" height=\"238\" \/><\/a>\u00a0\u00a0\u00a0\u00a0\u00a0\u00a0\u00a0\u00a0\u00a0\u00a0\u00a0\u00a0\u00a0\u00a0\u00a0\u00a0\u00a0\u00a0\u00a0\u00a0\u00a0 Varianta c\u00e2\u0219tig\u0103toare a fost propunerea Turciei<\/p><p><a href=\"http:\/\/www.ccpascani.ro\/wp-content\/uploads\/2019\/03\/logo_son.png\"><img decoding=\"async\" class=\"aligncenter size-medium wp-image-461\" src=\"http:\/\/www.ccpascani.ro\/wp-content\/uploads\/2019\/03\/logo_son-300x300.png\" sizes=\"(max-width: 300px) 100vw, 300px\" srcset=\"https:\/\/www.ccpascani.ro\/wp-content\/uploads\/2019\/03\/logo_son-300x300.png 300w, https:\/\/www.ccpascani.ro\/wp-content\/uploads\/2019\/03\/logo_son-150x150.png 150w, https:\/\/www.ccpascani.ro\/wp-content\/uploads\/2019\/03\/logo_son-768x766.png 768w, https:\/\/www.ccpascani.ro\/wp-content\/uploads\/2019\/03\/logo_son-1024x1021.png 1024w, https:\/\/www.ccpascani.ro\/wp-content\/uploads\/2019\/03\/logo_son.png 1560w\" alt=\"\" width=\"300\" height=\"300\" \/><\/a><\/p><p><strong>Octombrie 2017:<\/strong>\u00a0Realizarea unei\u00a0<a href=\"http:\/\/www.ccpascani.ro\/wp-content\/uploads\/2018\/04\/ccp-prez-eng.pdf\">prezent\u0103ri\u00a0<\/a>a Clubului Copiilor Pa\u0219cani<\/p><p><strong>Permanent:\u00a0<\/strong>\u00a0Getting to know each other: activitatea a presupus crearea a 5 grupuri de elevi, c\u00e2te unul pentru fiecare \u021bar\u0103 implicat\u0103 \u00een proiect (Bulgaria, Grecia, Italia, Lituania \u0219i Turcia). Ace\u0219tia au fost pu\u0219i \u00een leg\u0103tur\u0103 cu al\u021bi copii din \u021b\u0103rile partenere \u0219i au corespondat cu ocazia diverselor evenimente: s\u0103rb\u0103torile de iarn\u0103, Pa\u0219te, 1 iunie, trimi\u021b\u00e2nd \u0219i primind, la r\u00e2ndul lor, scrisori \u0219i felicit\u0103ri.<\/p><p><strong>Noiembrie 2017<\/strong><\/p><p>Prima mobilitate a proiectului a avut loc \u00een Turcia, \u00een localitatea\u00a0<a href=\"https:\/\/ro.wikipedia.org\/wiki\/Provincia_%C3%87anakkale\"><span class=\"st\"><em>\u00c7anakkale<\/em><\/span><\/a>\u00a0\u00een perioada 25 \u2013 29 noiembrie 2017.<\/p><p>Clubul Copiilor Pa\u0219cani a fost reprezentat de c\u0103tre prof. Maria VATAMANU \u2013 directorul institu\u021biei \u0219i prof. Irina ROTARIU, prof. Elena CARP \u0219i prof. Genovica DUMEA.<\/p><p><strong>Decembrie 2017 \u2013 ianuarie 2018<\/strong>: Pove\u0219ti cu eroi \u2013 elevii implica\u021bi \u00een proiect au scris pove\u0219ti cu eroi reali sau imaginari, acestea fiind apoi grupate \u00eentr-o\u00a0<a href=\"http:\/\/www.ccpascani.ro\/wp-content\/uploads\/2018\/04\/1carte.pdf\">bro\u0219ur\u0103<\/a>. \u00cen mobilitatea din Rom\u00e2nia, fiecare \u021bar\u0103 partener\u0103 a prezentat una sau mai multe dintre pove\u0219tile cu eroi scrise de elevi.<\/p><p><a href=\"http:\/\/www.ccpascani.ro\/wp-content\/uploads\/2018\/04\/COPERTA.jpg\"><img decoding=\"async\" class=\"aligncenter size-medium wp-image-497\" src=\"http:\/\/www.ccpascani.ro\/wp-content\/uploads\/2018\/04\/COPERTA-300x212.jpg\" sizes=\"(max-width: 300px) 100vw, 300px\" srcset=\"https:\/\/www.ccpascani.ro\/wp-content\/uploads\/2018\/04\/COPERTA-300x212.jpg 300w, https:\/\/www.ccpascani.ro\/wp-content\/uploads\/2018\/04\/COPERTA-768x543.jpg 768w, https:\/\/www.ccpascani.ro\/wp-content\/uploads\/2018\/04\/COPERTA-1024x724.jpg 1024w\" alt=\"\" width=\"300\" height=\"212\" \/><\/a><\/p><p><strong>Februarie 2018<\/strong>: Preg\u0103tirea altor materiale promo\u021bionale: banner, tricou inscrip\u021bionat cu elementele de identificare ale proiectului \u0219i preg\u0103tirea mobilit\u0103\u021bii din Rom\u00e2nia.<\/p><p><strong>10 \u2013 16 martie 2018:<\/strong>\u00a0Clubul Copiilor Pa\u0219cani a fost gazda celei de-a doua mobilit\u0103\u021bi a proiectului Innovative Cross-Curricular Lessons. Aceast\u0103 \u00eent\u00e2lnire a avut \u0219i o component\u0103 de formare a cadrelor didactice, pe l\u00e2ng\u0103 activit\u0103\u021bile culturale organizate. Astfel, prof. Irina Rotariu a sus\u021binut cursul \u201eEssential ICT tools and Web 2.0 tools\u201d, ]n laboratorul de informatic\u0103 al unit\u0103\u021bii. Activit\u0103\u021bile culturale au constat \u00een vizite la Palatul Al. I. Cuza Ruginoasa, Palatul Copiilor Ia\u0219i, Palatul Culturii Ia\u0219i, Cheile Bicazului.<\/p><p><strong>martie \u2013 aprilie 2018<\/strong>: elevii, coordona\u021bi de profesori, au scris pove\u0219ti cu subiecte la alegerea lor, pe care le-au citit apoi \u00een centre pentru persoanele \u00een v\u00e2rst\u0103. Aceste pove\u0219ti au fost inscrip\u021bionate \u0219i pe CD-uri, \u00een format audio, pentru a fi distribuite \u00een centrele pentru nev\u0103z\u0103tori. Schimbul de CD-uri a avut loc \u00een cadrul mobilit\u0103\u021bii din Altamura, Italia. Tot \u00een aceast\u0103 perioad\u0103, echipa de proiect din Rom\u00e2nia a editat o\u00a0<a href=\"http:\/\/www.ccpascani.ro\/wp-content\/uploads\/2018\/04\/carte-final-a5.pdf\">carte de pove\u0219ti<\/a>\u00a0cu materialele trimise de fiecare partener (o poveste cu eroi din fiecare \u021bar\u0103).<\/p><p><a href=\"http:\/\/www.ccpascani.ro\/wp-content\/uploads\/2018\/04\/coperta1.jpg\"><img loading=\"lazy\" decoding=\"async\" class=\"aligncenter size-medium wp-image-523\" src=\"http:\/\/www.ccpascani.ro\/wp-content\/uploads\/2018\/04\/coperta1-211x300.jpg\" sizes=\"(max-width: 211px) 100vw, 211px\" srcset=\"https:\/\/www.ccpascani.ro\/wp-content\/uploads\/2018\/04\/coperta1-211x300.jpg 211w, https:\/\/www.ccpascani.ro\/wp-content\/uploads\/2018\/04\/coperta1-768x1090.jpg 768w, https:\/\/www.ccpascani.ro\/wp-content\/uploads\/2018\/04\/coperta1-722x1024.jpg 722w, https:\/\/www.ccpascani.ro\/wp-content\/uploads\/2018\/04\/coperta1.jpg 1748w\" alt=\"\" width=\"211\" height=\"300\" \/><\/a><\/p><p><strong>Mai 2018<br \/><\/strong><\/p><p>A treia mobilitate a proiectului a avut loc \u00een Italia, \u00een localitatea\u00a0<a href=\"https:\/\/ro.wikipedia.org\/wiki\/Altamura\">Altamura<\/a>, la \u0219coala\u00a0<strong>\u201e2\u00b0C. GARIBALDI\u201d<\/strong>.<\/p><p>Clubul Copiilor Pa\u0219cani a fost reprezentat de c\u0103tre prof. Maria VATAMANU \u2013 directorul institu\u021biei \u0219i prof. Simona BR\u00ceNZ\u0102, prof. Ana GROSU, prof. Gabriel CIOPRAGA \u0219i ec. Br\u00eendu\u0219a LUCAVETCHI.<\/p><p><strong>Iunie 2018<\/strong><\/p><p>Elevii Clubului Copiilor Pa\u0219cani au s\u0103rb\u0103torit Ziua Mondial\u0103 a Mediului, prin implicarea \u00een diferite activit\u0103\u021bi cu caracter ecologic, surpinse \u00een acest clip.<\/p><p><iframe title=\"Environment Protection Week\" src=\"https:\/\/www.youtube.com\/embed\/ETAyG3qlMCs?start=3&amp;feature=oembed\" width=\"678\" height=\"381\" frameborder=\"0\" allowfullscreen=\"allowfullscreen\" data-mce-fragment=\"1\"><\/iframe><\/p><p><strong>Septembrie \u2013 Octombrie 2018<\/strong><\/p><p>\u00cen aceast\u0103 perioad\u0103 am \u00eembog\u0103\u021bit Col\u021bul Proiectului cu imagini \u0219i materiale din \u021b\u0103rile partenere, am f\u0103cut un clip de prezentare\u00a0 a proiectului \u0219i a \u021b\u0103rilor implicate:<\/p><p><iframe title=\"coltul\" src=\"https:\/\/www.youtube.com\/embed\/hDApxz8KHz8?feature=oembed\" width=\"678\" height=\"381\" frameborder=\"0\" allowfullscreen=\"allowfullscreen\" data-mce-fragment=\"1\"><\/iframe><\/p><p>Tot \u00een aceast\u0103 perioad\u0103 am desf\u0103\u0219urat o activitate \u201edelicioas\u0103\u201d care a presupus g\u0103tirea unui preparat din buc\u0103t\u0103ria tradi\u021bional\u0103 a uneia din \u021b\u0103rile partenere \u0219i a unui preparat din buc\u0103t\u0103ria rom\u00e2neasc\u0103. Rezultatele activit\u0103\u021bii au fost consumate imediat, dar au r\u0103mas imaginile:<\/p><p><iframe title=\"cook\" src=\"https:\/\/www.youtube.com\/embed\/PClpuV9KnrI?feature=oembed\" width=\"678\" height=\"381\" frameborder=\"0\" allowfullscreen=\"allowfullscreen\" data-mce-fragment=\"1\"><\/iframe><\/p><p><strong>Noiembrie 2018<\/strong><\/p><p>A patra mobilitate a proiectului a avut loc \u00een Lituania, \u00een localitatea\u00a0<a href=\"https:\/\/ro.wikipedia.org\/wiki\/%C5%A0iauliai\">\u0160iauliai<\/a>, la \u0219coala\u00a0<strong>\u0160iauli\u0173 \u201eSaul\u0117s\u201c pradine mokykla.<\/strong><\/p><p>Clubul Copiilor Pa\u0219cani a fost reprezentat de c\u0103tre prof. Maria VATAMANU \u2013 directorul institu\u021biei \u0219i prof. Irina ROTARIU, prof. Irina AXINIA, prof. Radu BUZENCHI.<\/p><p><strong>Decembrie 2018 \u2013 Ianuarie 2019<br \/><\/strong><\/p><p>\u00cen aceast\u0103 lun\u0103, elevii no\u0219tri au creat \u0219i trimis prietenilor din celelalte \u021b\u0103ri felicit\u0103rile de Cr\u0103ciun. Tot acum am desf\u0103\u0219urat activitatea \u201eWhere do we live?\u201d, cre\u00e2nd prezent\u0103ri \u0219i filme despre ora\u0219ul nostru.<\/p><p><iframe title=\"pascani\" src=\"https:\/\/www.youtube.com\/embed\/Cwn1kjcue2M?feature=oembed\" width=\"678\" height=\"381\" frameborder=\"0\" allowfullscreen=\"allowfullscreen\" data-mce-fragment=\"1\"><\/iframe><\/p><p>Ca un produs al acestei activit\u0103\u021bi, am realizat bro\u0219ura turistic\u0103 despre ora\u0219ul Pa\u0219cani ce cuprinde toate informa\u021biile de care are nevoie un turist, de la istoricul locurilor, obiectivele turistice, la unit\u0103\u021bile de cazare \u0219i locurile de petrecere a timpului liber. Bro\u0219ura a fost realizat\u0103 at\u00e2t clasic (printat), c\u00e2t \u0219i sub forma unui\u00a0<a href=\"https:\/\/pascanitravelineurope.wordpress.com\/\">site<\/a>, cu link-uri care ofer\u0103 informa\u021bii suplimentare.<\/p><p><a href=\"http:\/\/www.ccpascani.ro\/wp-content\/uploads\/2019\/05\/1.png\"><img loading=\"lazy\" decoding=\"async\" class=\"aligncenter size-medium wp-image-584\" src=\"http:\/\/www.ccpascani.ro\/wp-content\/uploads\/2019\/05\/1-203x300.png\" sizes=\"(max-width: 203px) 100vw, 203px\" srcset=\"https:\/\/www.ccpascani.ro\/wp-content\/uploads\/2019\/05\/1-203x300.png 203w, https:\/\/www.ccpascani.ro\/wp-content\/uploads\/2019\/05\/1.png 302w\" alt=\"\" width=\"203\" height=\"300\" \/><\/a><\/p><p><a href=\"https:\/\/pascanitravelineurope.wordpress.com\/\"><img loading=\"lazy\" decoding=\"async\" class=\"aligncenter wp-image-585 size-medium\" src=\"http:\/\/www.ccpascani.ro\/wp-content\/uploads\/2018\/04\/travel-300x113.png\" sizes=\"(max-width: 300px) 100vw, 300px\" srcset=\"https:\/\/www.ccpascani.ro\/wp-content\/uploads\/2018\/04\/travel-300x113.png 300w, https:\/\/www.ccpascani.ro\/wp-content\/uploads\/2018\/04\/travel-768x290.png 768w, https:\/\/www.ccpascani.ro\/wp-content\/uploads\/2018\/04\/travel-1024x386.png 1024w, https:\/\/www.ccpascani.ro\/wp-content\/uploads\/2018\/04\/travel.png 1336w\" alt=\"\" width=\"300\" height=\"113\" \/><\/a><\/p><p><strong>Februarie 2019<\/strong><\/p><p>Aceast\u0103 lun\u0103 a fost \u00eenc\u0103rcat\u0103 de activit\u0103\u021bi foarte interesante pentru elevii no\u0219tri. Prima dintre ele a fost dedicat\u0103 \u00eengrijirii p\u0103s\u0103rilor \u00een timpul iernii. Elevii au construit, \u00eempreun\u0103 cu profesorii lor, c\u0103su\u021be pentru p\u0103s\u0103ri, pe care le-au amplasat \u00een copacii din curtea Clubului, av\u00e2nd grij\u0103 ca semin\u021bele s\u0103 nu lipseasc\u0103 din recipientele pentru hran\u0103.<\/p><p><iframe title=\"pasarele\" src=\"https:\/\/www.youtube.com\/embed\/5MX8Co87elc?feature=oembed\" width=\"678\" height=\"381\" frameborder=\"0\" allowfullscreen=\"allowfullscreen\" data-mce-fragment=\"1\"><\/iframe><\/p><p>O alt\u0103 activitate a fost confec\u021bionarea de obiecte din materiale reciclabile \u0219i organizarea unei expozi\u021bii cu acestea.<\/p><p><iframe title=\"reciclare\" src=\"https:\/\/www.youtube.com\/embed\/grEVAmkaEAo?feature=oembed\" width=\"678\" height=\"381\" frameborder=\"0\" allowfullscreen=\"allowfullscreen\" data-mce-fragment=\"1\"><\/iframe><\/p><p>Ultima activitate a lunii a fost organizarea expozi\u021biei cu fotografii de iarn\u0103 realizate de copii.<\/p><p><iframe title=\"concurs\" src=\"https:\/\/www.youtube.com\/embed\/xN33VKee4Ic?feature=oembed\" width=\"678\" height=\"381\" frameborder=\"0\" allowfullscreen=\"allowfullscreen\" data-mce-fragment=\"1\"><\/iframe><\/p><p><strong>Martie 2019<\/strong><\/p><p>\u00cen perioada 10 -16 martie a avut loc activitatea de formare\u00a0 \u201eWays to introduce English in our daily teaching course\u201d din cadrul mobilit\u0103\u021bii din Grecia, la care au participat prof. Maria VATAMANU, prof. Irina ROTARIU, prof. \u0218tefan DIMITRIU \u0219i prof. Radu IFRIM. \u00cen cadrul acesteia, au fost organizate mai multe seminarii interactive, vizite de documentare \u00een regiunea Varkiza, iar prof. Irina ROTARIU a sus\u021binut lec\u021bia \u201eComparing Fractions\u201d elevilor de clasa a III-a de la\u00a0<a href=\"http:\/\/dimotiko.deschool.eu\/en\/\">\u0219coala\u00a0 gazd\u0103<\/a>.<\/p><p><strong>Aprilie 2019<\/strong><\/p><p>\u00cen agenda proiectului, aceast\u0103 lun\u0103 a fost dedicat\u0103 istoriei ora\u0219ului nostru, elevii no\u0219tri realiz\u00e2nd dou\u0103 clipuri video \u00een care au prezentat Palatul Cantacuzino, Palatul Alexandru Ioan Cuza, Casa Memorial\u0103 Vasile Alecsandri \u0219i Pa\u0219caniul de alt\u0103 dat\u0103.<\/p><p><iframe title=\"historical vestiges\" src=\"https:\/\/www.youtube.com\/embed\/PQINK6qpAU0?feature=oembed\" width=\"678\" height=\"381\" frameborder=\"0\" allowfullscreen=\"allowfullscreen\" data-mce-fragment=\"1\"><\/iframe><\/p><p><iframe title=\"vechi\" src=\"https:\/\/www.youtube.com\/embed\/ZkseigfNaos?feature=oembed\" width=\"678\" height=\"381\" frameborder=\"0\" allowfullscreen=\"allowfullscreen\" data-mce-fragment=\"1\"><\/iframe><\/p><p><strong>Mai 2019<\/strong><\/p><p>\u00cen perioada 21 \u2013 25 mai 2019 a avut loc, la Varna \u2013 Bulgaria, ultima mobilitate a proiectului, iar Clubul Copiilor Pa\u0219cani a fost reprezentat de c\u0103tre prof. Maria VATAMANU \u2013 directorul institu\u021biei \u0219i prof. Irina ROTARIU, prof. Maria CEPOI, prof. Gabriel CIOPRAGA \u0219i prof. Genovica DUMEA.<\/p><p>\u00a0<\/p>\t\t\t\t\t\t\t\t<\/div>\n\t\t\t\t<\/div>\n\t\t\t\t\t<\/div>\n\t\t<\/div>\n\t\t\t\t\t<\/div>\n\t\t<\/section>\n\t\t\t\t<\/div>\n\t\t","protected":false},"excerpt":{"rendered":"<p>Pagina proiectului:\u00a0www.icclerasmus.com Activit\u0103\u021bile desf\u0103\u0219urate \u00een cadrul proiectului: Octombrie 2017:\u00a0Crearea unui logo: fiecare \u0219coal\u0103 a propus un logo al proiectului, apoi s-a decis prin vot logo-ul c\u00e2\u0219tig\u0103tor. \u00a0\u00a0\u00a0\u00a0\u00a0\u00a0\u00a0\u00a0\u00a0\u00a0 Project Logo Competition Propunerea Rom\u00e2niei a fost \u00a0\u00a0\u00a0\u00a0\u00a0\u00a0\u00a0\u00a0\u00a0\u00a0\u00a0\u00a0\u00a0\u00a0\u00a0\u00a0\u00a0\u00a0\u00a0\u00a0\u00a0 Varianta c\u00e2\u0219tig\u0103toare a fost propunerea Turciei Octombrie 2017:\u00a0Realizarea unei\u00a0prezent\u0103ri\u00a0a Clubului Copiilor Pa\u0219cani Permanent:\u00a0\u00a0Getting to know each other: activitatea a presupus [&hellip;]<\/p>\n","protected":false},"author":2,"featured_media":0,"parent":0,"menu_order":0,"comment_status":"closed","ping_status":"closed","template":"","meta":{"footnotes":""},"categories":[],"tags":[],"class_list":["post-2564","page","type-page","status-publish","hentry"],"_links":{"self":[{"href":"https:\/\/ccpascani.ro\/index.php\/wp-json\/wp\/v2\/pages\/2564","targetHints":{"allow":["GET"]}}],"collection":[{"href":"https:\/\/ccpascani.ro\/index.php\/wp-json\/wp\/v2\/pages"}],"about":[{"href":"https:\/\/ccpascani.ro\/index.php\/wp-json\/wp\/v2\/types\/page"}],"author":[{"embeddable":true,"href":"https:\/\/ccpascani.ro\/index.php\/wp-json\/wp\/v2\/users\/2"}],"replies":[{"embeddable":true,"href":"https:\/\/ccpascani.ro\/index.php\/wp-json\/wp\/v2\/comments?post=2564"}],"version-history":[{"count":5,"href":"https:\/\/ccpascani.ro\/index.php\/wp-json\/wp\/v2\/pages\/2564\/revisions"}],"predecessor-version":[{"id":2576,"href":"https:\/\/ccpascani.ro\/index.php\/wp-json\/wp\/v2\/pages\/2564\/revisions\/2576"}],"wp:attachment":[{"href":"https:\/\/ccpascani.ro\/index.php\/wp-json\/wp\/v2\/media?parent=2564"}],"wp:term":[{"taxonomy":"category","embeddable":true,"href":"https:\/\/ccpascani.ro\/index.php\/wp-json\/wp\/v2\/categories?post=2564"},{"taxonomy":"post_tag","embeddable":true,"href":"https:\/\/ccpascani.ro\/index.php\/wp-json\/wp\/v2\/tags?post=2564"}],"curies":[{"name":"wp","href":"https:\/\/api.w.org\/{rel}","templated":true}]}}