{"id":2779,"date":"2022-09-23T14:11:12","date_gmt":"2022-09-23T14:11:12","guid":{"rendered":"https:\/\/cc.iotnetpro.com\/?page_id=2779"},"modified":"2023-11-10T09:36:10","modified_gmt":"2023-11-10T09:36:10","slug":"fotocineclub","status":"publish","type":"page","link":"https:\/\/ccpascani.ro\/index.php\/fotocineclub\/","title":{"rendered":"Fotocineclub"},"content":{"rendered":"<p>Cursul de fotografie, de tip \u00eenv\u0103\u0163\u0103m\u00e2nt nonformal, se adreseaz\u0103 tuturor copiilor de v\u00e2rst\u0103 \u015fcolar\u0103 drept form\u0103 de dezvoltare personal\u0103 \u0219i de valorificare \u00een mod util \u015fi pl\u0103cut a timpului liber al acestora. Obiectivul principal este \u00eenv\u0103\u021barea exprim\u0103rii prin imagine, de la simplu la c\u00e2t mai nuan\u021bat \u0219i profund, prin \u00eensu\u0219irea principiilor fotografierii, a regulilor<br \/>\ncompozi\u021biei, specifice diverselor genuri fotografice, precum \u0219i a modului de utilizare a echipamentului foto \u0219i a uneltelor software de postprocesare.<\/p>\n<p>CERCUL (ATELIERUL):FOTOCINECLUB<br \/>\nCOORDONATOR: Prof. BUZENCHI Radu<\/p>\n<p>Activitatea se desf\u0103\u0219oar\u0103 \u00een sediul \u0219colii vechi din H\u0103l\u0103uce\u0219ti, conform orarului afi\u0219at la sediu \u0219i pe situl institu\u021biei.<\/p>\n<p><strong>Competen\u021be generale<\/strong><br \/>\n1.Cunoa\u015fterea \u015fi \u00een\u0163elegerea fenomenelor fizico-chimice, a tehnologiei \u015fi a terminologiei, a conceptelor \u015fi metodelor specifice domeniului foto<\/p>\n<ol start=\"2\">\n<li>Dezvoltarea capacit\u0103\u0163ii de explorare\/investigare a realit\u0103\u0163ii \u015fi de experimentare prin folosirea procedurilor \u015fi instrumentelor din acest domeniu.<\/li>\n<li>Dezvoltarea sim\u0163ului artistic, a capacit\u0103\u0163ii de exprimare prin imagine.<\/li>\n<li>Formarea unei atitudini pozitive fa\u0163\u0103 de realiz\u0103rile cultural-artistice \u015fi a interesului pentru promovarea lor \u00een plan social<\/li>\n<\/ol>\n<p>&nbsp;<\/p>\n<div class=\"rltdpstsplgn-related-post-block\"><p>No related posts found...<\/p><\/div>\n","protected":false},"excerpt":{"rendered":"<p>Cursul de fotografie, de tip \u00eenv\u0103\u0163\u0103m\u00e2nt nonformal, se adreseaz\u0103 tuturor copiilor de v\u00e2rst\u0103 \u015fcolar\u0103 drept form\u0103 de dezvoltare personal\u0103 \u0219i de valorificare \u00een mod util \u015fi pl\u0103cut a timpului liber al acestora. Obiectivul principal este \u00eenv\u0103\u021barea exprim\u0103rii prin imagine, de la simplu la c\u00e2t mai nuan\u021bat \u0219i profund, prin \u00eensu\u0219irea principiilor fotografierii, a regulilor compozi\u021biei, [&hellip;]<\/p>\n","protected":false},"author":2,"featured_media":0,"parent":0,"menu_order":0,"comment_status":"closed","ping_status":"closed","template":"","meta":{"footnotes":""},"categories":[89],"tags":[],"class_list":["post-2779","page","type-page","status-publish","hentry","category-fotocineclub"],"_links":{"self":[{"href":"https:\/\/ccpascani.ro\/index.php\/wp-json\/wp\/v2\/pages\/2779","targetHints":{"allow":["GET"]}}],"collection":[{"href":"https:\/\/ccpascani.ro\/index.php\/wp-json\/wp\/v2\/pages"}],"about":[{"href":"https:\/\/ccpascani.ro\/index.php\/wp-json\/wp\/v2\/types\/page"}],"author":[{"embeddable":true,"href":"https:\/\/ccpascani.ro\/index.php\/wp-json\/wp\/v2\/users\/2"}],"replies":[{"embeddable":true,"href":"https:\/\/ccpascani.ro\/index.php\/wp-json\/wp\/v2\/comments?post=2779"}],"version-history":[{"count":9,"href":"https:\/\/ccpascani.ro\/index.php\/wp-json\/wp\/v2\/pages\/2779\/revisions"}],"predecessor-version":[{"id":3129,"href":"https:\/\/ccpascani.ro\/index.php\/wp-json\/wp\/v2\/pages\/2779\/revisions\/3129"}],"wp:attachment":[{"href":"https:\/\/ccpascani.ro\/index.php\/wp-json\/wp\/v2\/media?parent=2779"}],"wp:term":[{"taxonomy":"category","embeddable":true,"href":"https:\/\/ccpascani.ro\/index.php\/wp-json\/wp\/v2\/categories?post=2779"},{"taxonomy":"post_tag","embeddable":true,"href":"https:\/\/ccpascani.ro\/index.php\/wp-json\/wp\/v2\/tags?post=2779"}],"curies":[{"name":"wp","href":"https:\/\/api.w.org\/{rel}","templated":true}]}}