{"id":2800,"date":"2022-09-23T14:16:25","date_gmt":"2022-09-23T14:16:25","guid":{"rendered":"https:\/\/cc.iotnetpro.com\/?page_id=2800"},"modified":"2023-11-10T09:34:51","modified_gmt":"2023-11-10T09:34:51","slug":"dansuripopulare","status":"publish","type":"page","link":"https:\/\/ccpascani.ro\/index.php\/dansuripopulare\/","title":{"rendered":"Dansuri populare"},"content":{"rendered":"<p>Cercul de\u00a0<strong>Dansuri Populare<\/strong>\u00a0se adreseaz\u0103 tuturor elevilor (pre\u0219colar, primar, gimnazial \u0219iliceal) \u0219i \u00ee\u0219i propune un contact interactiv cu folclorul, tradi\u021biile \u0219i muzica popular\u0103, pentru a-i face pe elevi s\u0103 con\u0219tientizeze importan\u021ba obiceiurilor \u0219i tradi\u021biilor populare rom\u00e2ne\u0219ti.<\/p>\n<p><strong>Nr. Grupe: 9<\/strong><\/p>\n<p>CERCUL (ATELIERUL): DANSURI POPULARE<br \/>\nCOORDONATOR: Prof. LUPU Mariana<\/p>\n<p>Obiectivele urm\u0103rite \u00een cadrul cercului de\u00a0<strong>Dansuri Populare\u00a0<\/strong>sunt:<\/p>\n<p>\uf0b7 Introducerea \u00een lumea dansului popular \u0219i descoperirea dansului populardin diferite zone ale Moldovei;<\/p>\n<p>\uf0b7 Coordonarea mi\u0219c\u0103rilor \u00een ritmul unui joc cu c\u00e2nt organizat;<\/p>\n<p>\uf0b7 Dezvoltarea orient\u0103rii \u00een spa\u021biu \u0219i coordonarea segmentelor corpului \u00een mi\u0219care;<\/p>\n<p>\uf0b7 Dob\u00e2ndirea rezisten\u021bei fizice \u0219i respiratori<\/p>\n<p><em>\u00a0\u00a0\u00a0\u00a0\u00a0\u00a0\u00a0\u00a0\u00a0\u00a0 V\u0103 a\u0219tept\u0103m!<\/em><\/p>\n<p>&nbsp;<\/p>\n<div class=\"rltdpstsplgn-related-post-block\"><p>No related posts found...<\/p><\/div>\n","protected":false},"excerpt":{"rendered":"<p>Cercul de\u00a0Dansuri Populare\u00a0se adreseaz\u0103 tuturor elevilor (pre\u0219colar, primar, gimnazial \u0219iliceal) \u0219i \u00ee\u0219i propune un contact interactiv cu folclorul, tradi\u021biile \u0219i muzica popular\u0103, pentru a-i face pe elevi s\u0103 con\u0219tientizeze importan\u021ba obiceiurilor \u0219i tradi\u021biilor populare rom\u00e2ne\u0219ti. Nr. Grupe: 9 CERCUL (ATELIERUL): DANSURI POPULARE COORDONATOR: Prof. LUPU Mariana Obiectivele urm\u0103rite \u00een cadrul cercului de\u00a0Dansuri Populare\u00a0sunt: \uf0b7 Introducerea [&hellip;]<\/p>\n","protected":false},"author":2,"featured_media":0,"parent":0,"menu_order":0,"comment_status":"closed","ping_status":"closed","template":"","meta":{"footnotes":""},"categories":[87],"tags":[],"class_list":["post-2800","page","type-page","status-publish","hentry","category-dansuri-populare"],"_links":{"self":[{"href":"https:\/\/ccpascani.ro\/index.php\/wp-json\/wp\/v2\/pages\/2800","targetHints":{"allow":["GET"]}}],"collection":[{"href":"https:\/\/ccpascani.ro\/index.php\/wp-json\/wp\/v2\/pages"}],"about":[{"href":"https:\/\/ccpascani.ro\/index.php\/wp-json\/wp\/v2\/types\/page"}],"author":[{"embeddable":true,"href":"https:\/\/ccpascani.ro\/index.php\/wp-json\/wp\/v2\/users\/2"}],"replies":[{"embeddable":true,"href":"https:\/\/ccpascani.ro\/index.php\/wp-json\/wp\/v2\/comments?post=2800"}],"version-history":[{"count":8,"href":"https:\/\/ccpascani.ro\/index.php\/wp-json\/wp\/v2\/pages\/2800\/revisions"}],"predecessor-version":[{"id":3127,"href":"https:\/\/ccpascani.ro\/index.php\/wp-json\/wp\/v2\/pages\/2800\/revisions\/3127"}],"wp:attachment":[{"href":"https:\/\/ccpascani.ro\/index.php\/wp-json\/wp\/v2\/media?parent=2800"}],"wp:term":[{"taxonomy":"category","embeddable":true,"href":"https:\/\/ccpascani.ro\/index.php\/wp-json\/wp\/v2\/categories?post=2800"},{"taxonomy":"post_tag","embeddable":true,"href":"https:\/\/ccpascani.ro\/index.php\/wp-json\/wp\/v2\/tags?post=2800"}],"curies":[{"name":"wp","href":"https:\/\/api.w.org\/{rel}","templated":true}]}}